{"id":663,"date":"2020-03-12T13:33:46","date_gmt":"2020-03-12T13:33:46","guid":{"rendered":"http:\/\/maynghelengiare.com\/?post_type=product&#038;p=663"},"modified":"2022-02-26T10:16:28","modified_gmt":"2022-02-26T10:16:28","slug":"camera-nguy-trang-cuc-ao-s63","status":"publish","type":"product","link":"https:\/\/cameraquaytrom.net\/?product=camera-nguy-trang-cuc-ao-s63","title":{"rendered":"Camera Ngu\u1ef5 Trang C\u00fac \u00c1o S63 IP WiFi Xem T\u1eeb Xa"},"content":{"rendered":"<h1 style=\"text-align: center;\">Camera Ngu\u1ef5 Trang C\u00fac \u00c1o S63 IP WiFi Xem T\u1eeb Xa<\/h1>\n<p><img loading=\"lazy\" decoding=\"async\" class=\"size-medium wp-image-1530 aligncenter\" src=\"https:\/\/cameraquaytrom.net\/wp-content\/uploads\/2021\/07\/z2455869457903_fe5fa2fac3947916498a33dc6767a18a-compressed-300x300.jpg\" alt=\"\" width=\"300\" height=\"300\" srcset=\"https:\/\/cameraquaytrom.net\/wp-content\/uploads\/2021\/07\/z2455869457903_fe5fa2fac3947916498a33dc6767a18a-compressed-300x300.jpg 300w, https:\/\/cameraquaytrom.net\/wp-content\/uploads\/2021\/07\/z2455869457903_fe5fa2fac3947916498a33dc6767a18a-compressed-1024x1024.jpg 1024w, https:\/\/cameraquaytrom.net\/wp-content\/uploads\/2021\/07\/z2455869457903_fe5fa2fac3947916498a33dc6767a18a-compressed-150x150.jpg 150w, https:\/\/cameraquaytrom.net\/wp-content\/uploads\/2021\/07\/z2455869457903_fe5fa2fac3947916498a33dc6767a18a-compressed-768x768.jpg 768w, https:\/\/cameraquaytrom.net\/wp-content\/uploads\/2021\/07\/z2455869457903_fe5fa2fac3947916498a33dc6767a18a-compressed-1536x1536.jpg 1536w, https:\/\/cameraquaytrom.net\/wp-content\/uploads\/2021\/07\/z2455869457903_fe5fa2fac3947916498a33dc6767a18a-compressed-2048x2048.jpg 2048w, https:\/\/cameraquaytrom.net\/wp-content\/uploads\/2021\/07\/z2455869457903_fe5fa2fac3947916498a33dc6767a18a-compressed-600x600.jpg 600w, https:\/\/cameraquaytrom.net\/wp-content\/uploads\/2021\/07\/z2455869457903_fe5fa2fac3947916498a33dc6767a18a-compressed-100x100.jpg 100w\" sizes=\"(max-width: 300px) 100vw, 300px\" \/><\/p>\n<p><img loading=\"lazy\" decoding=\"async\" class=\"size-medium wp-image-1531 aligncenter\" src=\"https:\/\/cameraquaytrom.net\/wp-content\/uploads\/2021\/07\/z2455869498075_a67a340b246c4ced762ac4bdc0edd534-compressed-300x300.jpg\" alt=\"\" width=\"300\" height=\"300\" srcset=\"https:\/\/cameraquaytrom.net\/wp-content\/uploads\/2021\/07\/z2455869498075_a67a340b246c4ced762ac4bdc0edd534-compressed-300x300.jpg 300w, https:\/\/cameraquaytrom.net\/wp-content\/uploads\/2021\/07\/z2455869498075_a67a340b246c4ced762ac4bdc0edd534-compressed-1024x1024.jpg 1024w, https:\/\/cameraquaytrom.net\/wp-content\/uploads\/2021\/07\/z2455869498075_a67a340b246c4ced762ac4bdc0edd534-compressed-150x150.jpg 150w, https:\/\/cameraquaytrom.net\/wp-content\/uploads\/2021\/07\/z2455869498075_a67a340b246c4ced762ac4bdc0edd534-compressed-768x768.jpg 768w, https:\/\/cameraquaytrom.net\/wp-content\/uploads\/2021\/07\/z2455869498075_a67a340b246c4ced762ac4bdc0edd534-compressed-1536x1536.jpg 1536w, https:\/\/cameraquaytrom.net\/wp-content\/uploads\/2021\/07\/z2455869498075_a67a340b246c4ced762ac4bdc0edd534-compressed-2048x2048.jpg 2048w, https:\/\/cameraquaytrom.net\/wp-content\/uploads\/2021\/07\/z2455869498075_a67a340b246c4ced762ac4bdc0edd534-compressed-600x600.jpg 600w, https:\/\/cameraquaytrom.net\/wp-content\/uploads\/2021\/07\/z2455869498075_a67a340b246c4ced762ac4bdc0edd534-compressed-100x100.jpg 100w\" sizes=\"(max-width: 300px) 100vw, 300px\" \/><\/p>\n<p><img loading=\"lazy\" decoding=\"async\" class=\"size-medium wp-image-1532 aligncenter\" src=\"https:\/\/cameraquaytrom.net\/wp-content\/uploads\/2021\/07\/z2455869539090_dcbdba25ad20bcf9cc3732047829e6be-compressed-300x300.jpg\" alt=\"\" width=\"300\" height=\"300\" srcset=\"https:\/\/cameraquaytrom.net\/wp-content\/uploads\/2021\/07\/z2455869539090_dcbdba25ad20bcf9cc3732047829e6be-compressed-300x300.jpg 300w, https:\/\/cameraquaytrom.net\/wp-content\/uploads\/2021\/07\/z2455869539090_dcbdba25ad20bcf9cc3732047829e6be-compressed-1024x1024.jpg 1024w, https:\/\/cameraquaytrom.net\/wp-content\/uploads\/2021\/07\/z2455869539090_dcbdba25ad20bcf9cc3732047829e6be-compressed-150x150.jpg 150w, https:\/\/cameraquaytrom.net\/wp-content\/uploads\/2021\/07\/z2455869539090_dcbdba25ad20bcf9cc3732047829e6be-compressed-768x768.jpg 768w, https:\/\/cameraquaytrom.net\/wp-content\/uploads\/2021\/07\/z2455869539090_dcbdba25ad20bcf9cc3732047829e6be-compressed-1536x1536.jpg 1536w, https:\/\/cameraquaytrom.net\/wp-content\/uploads\/2021\/07\/z2455869539090_dcbdba25ad20bcf9cc3732047829e6be-compressed-2048x2048.jpg 2048w, https:\/\/cameraquaytrom.net\/wp-content\/uploads\/2021\/07\/z2455869539090_dcbdba25ad20bcf9cc3732047829e6be-compressed-600x600.jpg 600w, https:\/\/cameraquaytrom.net\/wp-content\/uploads\/2021\/07\/z2455869539090_dcbdba25ad20bcf9cc3732047829e6be-compressed-100x100.jpg 100w\" sizes=\"(max-width: 300px) 100vw, 300px\" \/><\/p>\n<p><img loading=\"lazy\" decoding=\"async\" class=\"size-medium wp-image-1529 aligncenter\" src=\"https:\/\/cameraquaytrom.net\/wp-content\/uploads\/2021\/07\/z2455869432852_8e3a08065c43cbe9bd30280c3b501a9d-compressed-300x300.jpg\" alt=\"\" width=\"300\" height=\"300\" srcset=\"https:\/\/cameraquaytrom.net\/wp-content\/uploads\/2021\/07\/z2455869432852_8e3a08065c43cbe9bd30280c3b501a9d-compressed-300x300.jpg 300w, https:\/\/cameraquaytrom.net\/wp-content\/uploads\/2021\/07\/z2455869432852_8e3a08065c43cbe9bd30280c3b501a9d-compressed-1024x1024.jpg 1024w, https:\/\/cameraquaytrom.net\/wp-content\/uploads\/2021\/07\/z2455869432852_8e3a08065c43cbe9bd30280c3b501a9d-compressed-150x150.jpg 150w, https:\/\/cameraquaytrom.net\/wp-content\/uploads\/2021\/07\/z2455869432852_8e3a08065c43cbe9bd30280c3b501a9d-compressed-768x768.jpg 768w, https:\/\/cameraquaytrom.net\/wp-content\/uploads\/2021\/07\/z2455869432852_8e3a08065c43cbe9bd30280c3b501a9d-compressed-1536x1536.jpg 1536w, https:\/\/cameraquaytrom.net\/wp-content\/uploads\/2021\/07\/z2455869432852_8e3a08065c43cbe9bd30280c3b501a9d-compressed-2048x2048.jpg 2048w, https:\/\/cameraquaytrom.net\/wp-content\/uploads\/2021\/07\/z2455869432852_8e3a08065c43cbe9bd30280c3b501a9d-compressed-600x600.jpg 600w, https:\/\/cameraquaytrom.net\/wp-content\/uploads\/2021\/07\/z2455869432852_8e3a08065c43cbe9bd30280c3b501a9d-compressed-100x100.jpg 100w\" sizes=\"(max-width: 300px) 100vw, 300px\" \/><\/p>\n<p><img loading=\"lazy\" decoding=\"async\" class=\"size-medium wp-image-1528 aligncenter\" src=\"https:\/\/cameraquaytrom.net\/wp-content\/uploads\/2021\/07\/z2455869408162_1446d7cf1b35f04093800c029899d48f-compressed-300x300.jpg\" alt=\"\" width=\"300\" height=\"300\" srcset=\"https:\/\/cameraquaytrom.net\/wp-content\/uploads\/2021\/07\/z2455869408162_1446d7cf1b35f04093800c029899d48f-compressed-300x300.jpg 300w, https:\/\/cameraquaytrom.net\/wp-content\/uploads\/2021\/07\/z2455869408162_1446d7cf1b35f04093800c029899d48f-compressed-1024x1024.jpg 1024w, https:\/\/cameraquaytrom.net\/wp-content\/uploads\/2021\/07\/z2455869408162_1446d7cf1b35f04093800c029899d48f-compressed-150x150.jpg 150w, https:\/\/cameraquaytrom.net\/wp-content\/uploads\/2021\/07\/z2455869408162_1446d7cf1b35f04093800c029899d48f-compressed-768x768.jpg 768w, https:\/\/cameraquaytrom.net\/wp-content\/uploads\/2021\/07\/z2455869408162_1446d7cf1b35f04093800c029899d48f-compressed-1536x1536.jpg 1536w, https:\/\/cameraquaytrom.net\/wp-content\/uploads\/2021\/07\/z2455869408162_1446d7cf1b35f04093800c029899d48f-compressed-2048x2048.jpg 2048w, https:\/\/cameraquaytrom.net\/wp-content\/uploads\/2021\/07\/z2455869408162_1446d7cf1b35f04093800c029899d48f-compressed-600x600.jpg 600w, https:\/\/cameraquaytrom.net\/wp-content\/uploads\/2021\/07\/z2455869408162_1446d7cf1b35f04093800c029899d48f-compressed-100x100.jpg 100w\" sizes=\"(max-width: 300px) 100vw, 300px\" \/><\/p>\n<p>Camera ngu\u1ef5 trang c\u00fac \u00e1o S63 si\u00eau k\u00edn \u0111\u00e1o v\u00e0o m\u1ed9t chi\u1ebfc c\u00fac \u00e1o kh\u00f4ng d\u00e2y si\u00eau nh\u1ecf, \u0111\u01b0\u1ee3c r\u1ea5t nhi\u1ec1u c\u00e1c kh\u00e1ch h\u00e0ng quan t\u00e2m. \u0110\u1eb7c bi\u1ec7t n\u00f3 c\u00f3 th\u1ec3 k\u1ebft n\u1ed1i v\u1edbi \u0111i\u1ec7n tho\u1ea1i v\u00e0 xem tr\u1ef1c ti\u1ebfp \u1edf b\u1ea5t c\u1ee9 m\u1ecdi n\u01a1i ch\u1ec9 c\u1ea7n \u0111i\u1ec7n tho\u1ea1i c\u1ee7a b\u1ea1n c\u00f3 3G 4G ho\u1eb7c WiFi<\/p>\n<h2><em><span style=\"text-decoration: underline;\">Video h\u01b0\u1edbng d\u1eabn s\u1eed <\/span><\/em><em><span style=\"text-decoration: underline;\">d\u1ee5ng<\/span><\/em><\/h2>\n<p><iframe loading=\"lazy\" title=\"Camera Ngu\u1ef5 Trang C\u00fac \u00c1o S63 || Camera si\u00eau nh\u1ecf ngu\u1ef5 trang c\u00fac \u00e1o S63 kh\u00f4ng d\u00e2y xem t\u1eeb xa gi\u00e1 r\u1ebb\" width=\"1020\" height=\"574\" src=\"https:\/\/www.youtube.com\/embed\/2ueZVCHPgmU?start=537&#038;feature=oembed\" frameborder=\"0\" allow=\"accelerometer; autoplay; clipboard-write; encrypted-media; gyroscope; picture-in-picture\" allowfullscreen><\/iframe><\/p>\n<div class=\"\" data-block=\"true\" data-editor=\"epkqe\" data-offset-key=\"cm3s9-0-0\">\n<h3 class=\"_1mf _1mj\" data-offset-key=\"cm3s9-0-0\"><b>Li\u00ean h\u1ec7 mua h\u00e0ng<\/b><\/h3>\n<div data-offset-key=\"cm3s9-0-0\">\n<div dir=\"auto\"><span class=\"pq6dq46d tbxw36s4 knj5qynh kvgmc6g5 ditlmg2l oygrvhab nvdbi5me sf5mxxl7 gl3lb2sf hhz5lgdu\"><img loading=\"lazy\" decoding=\"async\" src=\"https:\/\/static.xx.fbcdn.net\/images\/emoji.php\/v9\/t22\/1\/16\/260e.png\" alt=\"\u260e\ufe0f\" width=\"16\" height=\"16\" \/><\/span> A H\u1ea3i: 094.226.2345 (zalo) &#8211; T\u01b0 V\u1ea5n 24\/24<\/div>\n<div class=\"o9v6fnle cxmmr5t8 oygrvhab hcukyx3x c1et5uql ii04i59q\">\n<h3 dir=\"auto\"><span class=\"pq6dq46d tbxw36s4 knj5qynh kvgmc6g5 ditlmg2l oygrvhab nvdbi5me sf5mxxl7 gl3lb2sf hhz5lgdu\"><img loading=\"lazy\" decoding=\"async\" src=\"https:\/\/static.xx.fbcdn.net\/images\/emoji.php\/v9\/ta7\/1\/16\/1f3ea.png\" alt=\"\ud83c\udfea\" width=\"16\" height=\"16\" \/><\/span> H\u00e0 N\u1ed9i: s\u1ed1 42 Th\u1ecbnh Li\u1ec7t &#8211; Ho\u00e0ng Mai &#8211; H\u00e0 N\u1ed9i<\/h3>\n<h3 dir=\"auto\"><span class=\"pq6dq46d tbxw36s4 knj5qynh kvgmc6g5 ditlmg2l oygrvhab nvdbi5me sf5mxxl7 gl3lb2sf hhz5lgdu\"><img loading=\"lazy\" decoding=\"async\" src=\"https:\/\/static.xx.fbcdn.net\/images\/emoji.php\/v9\/ta7\/1\/16\/1f3ea.png\" alt=\"\ud83c\udfea\" width=\"16\" height=\"16\" \/><\/span> S\u00e0i G\u00f2n: 558\/66 B\u00ecnh Qu\u1edbi &#8211; Ph\u01b0\u1eddng 28 &#8211; B\u00ecnh Th\u1ea1nh<\/h3>\n<\/div>\n<\/div>\n<\/div>\n","protected":false},"excerpt":{"rendered":"<p>Camera ngu\u1ef5 trang c\u00fac \u00e1o S63 IP Wifi k\u1ebft n\u1ed1i \u0111i\u1ec7n tho\u1ea1i xem t\u1eeb xa kh\u00f4ng gi\u1edbi h\u1ea1n kho\u1ea3ng c\u00e1ch. Nh\u1ecf g\u1ecdn, kh\u00f4ng d\u00e2y \u0111em \u0111\u1ebfn cho ng\u01b0\u1eddi d\u00f9ng tr\u1ea3i nghi\u1ec7m c\u1ef1c k\u1ef3 hi\u1ec7u qu\u1ea3 khi s\u1eed d\u1ee5ng s\u1ea3n ph\u1ea9m<\/p>\n<p>&nbsp;<\/p>\n","protected":false},"featured_media":1530,"comment_status":"open","ping_status":"closed","template":"","meta":[],"product_cat":[30,55],"product_tag":[72,62,57,71,60,61,58,68],"class_list":{"0":"post-663","1":"product","2":"type-product","3":"status-publish","4":"has-post-thumbnail","6":"product_cat-thiet-bi-quay-len","7":"product_cat-thiet-bi-quay-len-online","8":"product_tag-camera-cuc-ao-s63","9":"product_tag-camera-mini","10":"product_tag-camera-nguy-trang","11":"product_tag-camera-nguy-trang-cuc-ao","12":"product_tag-camera-quay-len","13":"product_tag-camera-quay-trom","14":"product_tag-camera-sieu-nho","15":"product_tag-camera-xem-tu-xa","17":"first","18":"instock","19":"sale","20":"shipping-taxable","21":"purchasable","22":"product-type-simple"},"_links":{"self":[{"href":"https:\/\/cameraquaytrom.net\/index.php?rest_route=\/wp\/v2\/product\/663"}],"collection":[{"href":"https:\/\/cameraquaytrom.net\/index.php?rest_route=\/wp\/v2\/product"}],"about":[{"href":"https:\/\/cameraquaytrom.net\/index.php?rest_route=\/wp\/v2\/types\/product"}],"replies":[{"embeddable":true,"href":"https:\/\/cameraquaytrom.net\/index.php?rest_route=%2Fwp%2Fv2%2Fcomments&post=663"}],"wp:featuredmedia":[{"embeddable":true,"href":"https:\/\/cameraquaytrom.net\/index.php?rest_route=\/wp\/v2\/media\/1530"}],"wp:attachment":[{"href":"https:\/\/cameraquaytrom.net\/index.php?rest_route=%2Fwp%2Fv2%2Fmedia&parent=663"}],"wp:term":[{"taxonomy":"product_cat","embeddable":true,"href":"https:\/\/cameraquaytrom.net\/index.php?rest_route=%2Fwp%2Fv2%2Fproduct_cat&post=663"},{"taxonomy":"product_tag","embeddable":true,"href":"https:\/\/cameraquaytrom.net\/index.php?rest_route=%2Fwp%2Fv2%2Fproduct_tag&post=663"}],"curies":[{"name":"wp","href":"https:\/\/api.w.org\/{rel}","templated":true}]}}