{"id":671,"date":"2020-03-12T14:07:21","date_gmt":"2020-03-12T14:07:21","guid":{"rendered":"http:\/\/maynghelengiare.com\/?post_type=product&#038;p=671"},"modified":"2021-11-10T04:17:58","modified_gmt":"2021-11-10T04:17:58","slug":"camera-sieu-nho-v99-v3-cuc-ao","status":"publish","type":"product","link":"https:\/\/cameraquaytrom.net\/?product=camera-sieu-nho-v99-v3-cuc-ao","title":{"rendered":"Camera Si\u00eau Nh\u1ecf V99-V3 IP WiFi Xem T\u1eeb Xa"},"content":{"rendered":"<h1 style=\"text-align: center;\">Camera Si\u00eau Nh\u1ecf V99-V3 IP WiFi Xem T\u1eeb Xa<\/h1>\n<p><img loading=\"lazy\" decoding=\"async\" class=\"size-medium wp-image-1556 aligncenter\" src=\"https:\/\/cameraquaytrom.net\/wp-content\/uploads\/2021\/07\/z2456482897547_994a4489651fbf64d8ddf3b4df44e9c2-compressed-300x300.jpg\" alt=\"\" width=\"300\" height=\"300\" srcset=\"https:\/\/cameraquaytrom.net\/wp-content\/uploads\/2021\/07\/z2456482897547_994a4489651fbf64d8ddf3b4df44e9c2-compressed-300x300.jpg 300w, https:\/\/cameraquaytrom.net\/wp-content\/uploads\/2021\/07\/z2456482897547_994a4489651fbf64d8ddf3b4df44e9c2-compressed-1024x1024.jpg 1024w, https:\/\/cameraquaytrom.net\/wp-content\/uploads\/2021\/07\/z2456482897547_994a4489651fbf64d8ddf3b4df44e9c2-compressed-150x150.jpg 150w, https:\/\/cameraquaytrom.net\/wp-content\/uploads\/2021\/07\/z2456482897547_994a4489651fbf64d8ddf3b4df44e9c2-compressed-768x768.jpg 768w, https:\/\/cameraquaytrom.net\/wp-content\/uploads\/2021\/07\/z2456482897547_994a4489651fbf64d8ddf3b4df44e9c2-compressed-1536x1536.jpg 1536w, https:\/\/cameraquaytrom.net\/wp-content\/uploads\/2021\/07\/z2456482897547_994a4489651fbf64d8ddf3b4df44e9c2-compressed-2048x2048.jpg 2048w, https:\/\/cameraquaytrom.net\/wp-content\/uploads\/2021\/07\/z2456482897547_994a4489651fbf64d8ddf3b4df44e9c2-compressed-600x600.jpg 600w, https:\/\/cameraquaytrom.net\/wp-content\/uploads\/2021\/07\/z2456482897547_994a4489651fbf64d8ddf3b4df44e9c2-compressed-100x100.jpg 100w\" sizes=\"(max-width: 300px) 100vw, 300px\" \/><\/p>\n<p><img loading=\"lazy\" decoding=\"async\" class=\"size-medium wp-image-1557 aligncenter\" src=\"https:\/\/cameraquaytrom.net\/wp-content\/uploads\/2021\/07\/z2456483275019_550563a11619d43255b052a2357093fc-compressed-300x300.jpg\" alt=\"\" width=\"300\" height=\"300\" srcset=\"https:\/\/cameraquaytrom.net\/wp-content\/uploads\/2021\/07\/z2456483275019_550563a11619d43255b052a2357093fc-compressed-300x300.jpg 300w, https:\/\/cameraquaytrom.net\/wp-content\/uploads\/2021\/07\/z2456483275019_550563a11619d43255b052a2357093fc-compressed-1024x1024.jpg 1024w, https:\/\/cameraquaytrom.net\/wp-content\/uploads\/2021\/07\/z2456483275019_550563a11619d43255b052a2357093fc-compressed-150x150.jpg 150w, https:\/\/cameraquaytrom.net\/wp-content\/uploads\/2021\/07\/z2456483275019_550563a11619d43255b052a2357093fc-compressed-768x768.jpg 768w, https:\/\/cameraquaytrom.net\/wp-content\/uploads\/2021\/07\/z2456483275019_550563a11619d43255b052a2357093fc-compressed-1536x1536.jpg 1536w, https:\/\/cameraquaytrom.net\/wp-content\/uploads\/2021\/07\/z2456483275019_550563a11619d43255b052a2357093fc-compressed-2048x2048.jpg 2048w, https:\/\/cameraquaytrom.net\/wp-content\/uploads\/2021\/07\/z2456483275019_550563a11619d43255b052a2357093fc-compressed-600x600.jpg 600w, https:\/\/cameraquaytrom.net\/wp-content\/uploads\/2021\/07\/z2456483275019_550563a11619d43255b052a2357093fc-compressed-100x100.jpg 100w\" sizes=\"(max-width: 300px) 100vw, 300px\" \/><\/p>\n<p><img loading=\"lazy\" decoding=\"async\" class=\"size-medium wp-image-1558 aligncenter\" src=\"https:\/\/cameraquaytrom.net\/wp-content\/uploads\/2021\/07\/z2456483450580_6c846327ea2c4c218051b7218fbfe32f-compressed-300x300.jpg\" alt=\"\" width=\"300\" height=\"300\" srcset=\"https:\/\/cameraquaytrom.net\/wp-content\/uploads\/2021\/07\/z2456483450580_6c846327ea2c4c218051b7218fbfe32f-compressed-300x300.jpg 300w, https:\/\/cameraquaytrom.net\/wp-content\/uploads\/2021\/07\/z2456483450580_6c846327ea2c4c218051b7218fbfe32f-compressed-1024x1024.jpg 1024w, https:\/\/cameraquaytrom.net\/wp-content\/uploads\/2021\/07\/z2456483450580_6c846327ea2c4c218051b7218fbfe32f-compressed-150x150.jpg 150w, https:\/\/cameraquaytrom.net\/wp-content\/uploads\/2021\/07\/z2456483450580_6c846327ea2c4c218051b7218fbfe32f-compressed-768x768.jpg 768w, https:\/\/cameraquaytrom.net\/wp-content\/uploads\/2021\/07\/z2456483450580_6c846327ea2c4c218051b7218fbfe32f-compressed-1536x1536.jpg 1536w, https:\/\/cameraquaytrom.net\/wp-content\/uploads\/2021\/07\/z2456483450580_6c846327ea2c4c218051b7218fbfe32f-compressed-2048x2048.jpg 2048w, https:\/\/cameraquaytrom.net\/wp-content\/uploads\/2021\/07\/z2456483450580_6c846327ea2c4c218051b7218fbfe32f-compressed-600x600.jpg 600w, https:\/\/cameraquaytrom.net\/wp-content\/uploads\/2021\/07\/z2456483450580_6c846327ea2c4c218051b7218fbfe32f-compressed-100x100.jpg 100w\" sizes=\"(max-width: 300px) 100vw, 300px\" \/><\/p>\n<p>N\u00f3i \u0111\u1ebfn\u00a0camera si\u00eau nh\u1ecf v99 ch\u1eafc c\u00e1c b\u1ea1n kh\u00f4ng c\u00f2n xa l\u1ea1 g\u00ec, b\u1edfi k\u00edch th\u01b0\u1edbc si\u00eau si\u00eau nh\u1ecf c\u00f9ng v\u1edbi ch\u1ea5t l\u01b0\u1ee3ng h\u00ecnh \u1ea3nh si\u00eau n\u00e9t th\u00ec \u0111\u00e2y \u0111\u01b0\u1ee3c coi l\u00e0 s\u1ea3n ph\u1ea9m camera si\u00eau nh\u1ecf ho\u00e0n h\u1ea3o nh\u1ea5t trong c\u00e1c d\u00f2ng camera.<\/p>\n<p>B\u1ea1n c\u00f3 th\u1ec3 d\u1ec5 d\u00e0ng gi\u1ea5u k\u00edn chi\u1ebfc camera \u1edf b\u1ea5t c\u1ee9 n\u01a1i n\u00e0o b\u1ea1n mu\u1ed1n, th\u1eadm ch\u1ec9 c\u00f3 th\u1ec3 ch\u1ebf camera v\u00e0o m\u0169, khuy \u00e1o (c\u00f3 b\u1ed9 c\u00fac aaso \u0111i k\u00e8m) l\u1ecd hoa, l\u00f3c t\u1ee7, qu\u00e2n \u00e1o,&#8230; m\u1ed9t c\u00e1ch h\u1ebft s\u1ee9c \u0111\u01a1n gi\u1ea3n.<\/p>\n<p>Camera si\u00eau nh\u1ecf v99-v3 c\u00f3 \u0111\u1ed9 ph\u00e2n gi\u1ea3i Full HD4K v\u00e0 c\u00f3 th\u1ec3 truy\u1ec1n h\u00ecnh \u1ea3nh tr\u1ef1c ti\u1ebfp t\u1eeb xa v\u1ec1 \u0111i\u1ec7n tho\u1ea1i \u0111\u1ec3 m\u00ecnh xem tr\u1ef1c ti\u1ebfp. Camera c\u0169ng h\u1ed7 tr\u1ee3 th\u1ebb nh\u1edb l\u00ean \u0111\u1ebfn 128G gi\u00fap b\u1ea1n c\u00f3 th\u1ec3 l\u01b0u l\u1ea1i d\u1eef li\u1ec7u c\u1ea3 th\u00e1ng lu\u00f4n.<\/p>\n<h2><em><span style=\"text-decoration: underline;\">Video h\u01b0\u1edbng d\u1eabn s\u1eed d\u1ee5ng<\/span><\/em><\/h2>\n<p><iframe loading=\"lazy\" title=\"Review Camera Si\u00eau Nh\u1ecf V99-V3 || Camera si\u00eau nh\u1ecf ngu\u1ef5 trang c\u00fac \u00e1o gi\u00e1 r\u1ebb \u0111\u01b0\u1ee3c s\u1eed d\u1ee5ng nhi\u1ec1u nh\u1ea5t\" width=\"1020\" height=\"574\" src=\"https:\/\/www.youtube.com\/embed\/DT1kdpD0tIY?start=109&#038;feature=oembed\" frameborder=\"0\" allow=\"accelerometer; autoplay; clipboard-write; encrypted-media; gyroscope; picture-in-picture\" allowfullscreen><\/iframe><\/p>\n<div class=\"\" data-block=\"true\" data-editor=\"epkqe\" data-offset-key=\"cm3s9-0-0\">\n<h3 class=\"_1mf _1mj\" data-offset-key=\"cm3s9-0-0\"><b>Li\u00ean h\u1ec7 mua h\u00e0ng<\/b><\/h3>\n<div data-offset-key=\"cm3s9-0-0\">\n<div dir=\"auto\"><span class=\"pq6dq46d tbxw36s4 knj5qynh kvgmc6g5 ditlmg2l oygrvhab nvdbi5me sf5mxxl7 gl3lb2sf hhz5lgdu\"><img loading=\"lazy\" decoding=\"async\" src=\"https:\/\/static.xx.fbcdn.net\/images\/emoji.php\/v9\/t22\/1\/16\/260e.png\" alt=\"\u260e\ufe0f\" width=\"16\" height=\"16\" \/><\/span> A H\u1ea3i: 094.226.2345 (zalo) &#8211; T\u01b0 V\u1ea5n 24\/24<\/div>\n<div class=\"o9v6fnle cxmmr5t8 oygrvhab hcukyx3x c1et5uql ii04i59q\">\n<h3 dir=\"auto\"><span class=\"pq6dq46d tbxw36s4 knj5qynh kvgmc6g5 ditlmg2l oygrvhab nvdbi5me sf5mxxl7 gl3lb2sf hhz5lgdu\"><img loading=\"lazy\" decoding=\"async\" src=\"https:\/\/static.xx.fbcdn.net\/images\/emoji.php\/v9\/ta7\/1\/16\/1f3ea.png\" alt=\"\ud83c\udfea\" width=\"16\" height=\"16\" \/><\/span> H\u00e0 N\u1ed9i: s\u1ed1 42 Th\u1ecbnh Li\u1ec7t &#8211; Ho\u00e0ng Mai &#8211; H\u00e0 N\u1ed9i<\/h3>\n<h3 dir=\"auto\"><span class=\"pq6dq46d tbxw36s4 knj5qynh kvgmc6g5 ditlmg2l oygrvhab nvdbi5me sf5mxxl7 gl3lb2sf hhz5lgdu\"><img loading=\"lazy\" decoding=\"async\" src=\"https:\/\/static.xx.fbcdn.net\/images\/emoji.php\/v9\/ta7\/1\/16\/1f3ea.png\" alt=\"\ud83c\udfea\" width=\"16\" height=\"16\" \/><\/span> S\u00e0i G\u00f2n: 558\/66 B\u00ecnh Qu\u1edbi &#8211; Ph\u01b0\u1eddng 28 &#8211; B\u00ecnh Th\u1ea1nh<\/h3>\n<\/div>\n<\/div>\n<\/div>\n","protected":false},"excerpt":{"rendered":"<p>N\u00f3i \u0111\u1ebfn\u00a0camera si\u00eau nh\u1ecf v99 ch\u1eafc c\u00e1c b\u1ea1n kh\u00f4ng c\u00f2n xa l\u1ea1 g\u00ec, b\u1edfi k\u00edch th\u01b0\u1edbc si\u00eau si\u00eau nh\u1ecf c\u00f9ng v\u1edbi ch\u1ea5t l\u01b0\u1ee3ng h\u00ecnh \u1ea3nh si\u00eau n\u00e9t th\u00ec \u0111\u00e2y \u0111\u01b0\u1ee3c coi l\u00e0 s\u1ea3n ph\u1ea9m camera si\u00eau nh\u1ecf ho\u00e0n h\u1ea3o nh\u1ea5t trong c\u00e1c d\u00f2ng camera.<\/p>\n<p>&nbsp;<\/p>\n","protected":false},"featured_media":1558,"comment_status":"open","ping_status":"closed","template":"","meta":[],"product_cat":[30,55],"product_tag":[72,59,62,57,71,60,61,58,73,68],"class_list":{"0":"post-671","1":"product","2":"type-product","3":"status-publish","4":"has-post-thumbnail","6":"product_cat-thiet-bi-quay-len","7":"product_cat-thiet-bi-quay-len-online","8":"product_tag-camera-cuc-ao-s63","9":"product_tag-camera-giau-kin","10":"product_tag-camera-mini","11":"product_tag-camera-nguy-trang","12":"product_tag-camera-nguy-trang-cuc-ao","13":"product_tag-camera-quay-len","14":"product_tag-camera-quay-trom","15":"product_tag-camera-sieu-nho","16":"product_tag-camera-v99","17":"product_tag-camera-xem-tu-xa","19":"first","20":"instock","21":"sale","22":"shipping-taxable","23":"purchasable","24":"product-type-simple"},"_links":{"self":[{"href":"https:\/\/cameraquaytrom.net\/index.php?rest_route=\/wp\/v2\/product\/671"}],"collection":[{"href":"https:\/\/cameraquaytrom.net\/index.php?rest_route=\/wp\/v2\/product"}],"about":[{"href":"https:\/\/cameraquaytrom.net\/index.php?rest_route=\/wp\/v2\/types\/product"}],"replies":[{"embeddable":true,"href":"https:\/\/cameraquaytrom.net\/index.php?rest_route=%2Fwp%2Fv2%2Fcomments&post=671"}],"wp:featuredmedia":[{"embeddable":true,"href":"https:\/\/cameraquaytrom.net\/index.php?rest_route=\/wp\/v2\/media\/1558"}],"wp:attachment":[{"href":"https:\/\/cameraquaytrom.net\/index.php?rest_route=%2Fwp%2Fv2%2Fmedia&parent=671"}],"wp:term":[{"taxonomy":"product_cat","embeddable":true,"href":"https:\/\/cameraquaytrom.net\/index.php?rest_route=%2Fwp%2Fv2%2Fproduct_cat&post=671"},{"taxonomy":"product_tag","embeddable":true,"href":"https:\/\/cameraquaytrom.net\/index.php?rest_route=%2Fwp%2Fv2%2Fproduct_tag&post=671"}],"curies":[{"name":"wp","href":"https:\/\/api.w.org\/{rel}","templated":true}]}}