{"id":681,"date":"2020-03-12T14:54:45","date_gmt":"2020-03-12T14:54:45","guid":{"rendered":"http:\/\/maynghelengiare.com\/?post_type=product&#038;p=681"},"modified":"2021-11-10T04:16:37","modified_gmt":"2021-11-10T04:16:37","slug":"camera-quay-len-v100-ngay","status":"publish","type":"product","link":"https:\/\/cameraquaytrom.net\/?product=camera-quay-len-v100-ngay","title":{"rendered":"Camera Quay L\u00e9n V100 Quay Ng\u00e0y IP WiFi"},"content":{"rendered":"<h1 style=\"text-align: center;\">Camera Quay L\u00e9n V100 Quay Ng\u00e0y IP WiFi<\/h1>\n<p><img loading=\"lazy\" decoding=\"async\" class=\"size-medium wp-image-1569 aligncenter\" src=\"https:\/\/cameraquaytrom.net\/wp-content\/uploads\/2021\/07\/z2456486938119_7114529a68a84fc2ab068257372122ee-compressed-300x300.jpg\" alt=\"\" width=\"300\" height=\"300\" srcset=\"https:\/\/cameraquaytrom.net\/wp-content\/uploads\/2021\/07\/z2456486938119_7114529a68a84fc2ab068257372122ee-compressed-300x300.jpg 300w, https:\/\/cameraquaytrom.net\/wp-content\/uploads\/2021\/07\/z2456486938119_7114529a68a84fc2ab068257372122ee-compressed-1024x1024.jpg 1024w, https:\/\/cameraquaytrom.net\/wp-content\/uploads\/2021\/07\/z2456486938119_7114529a68a84fc2ab068257372122ee-compressed-150x150.jpg 150w, https:\/\/cameraquaytrom.net\/wp-content\/uploads\/2021\/07\/z2456486938119_7114529a68a84fc2ab068257372122ee-compressed-768x768.jpg 768w, https:\/\/cameraquaytrom.net\/wp-content\/uploads\/2021\/07\/z2456486938119_7114529a68a84fc2ab068257372122ee-compressed-1536x1536.jpg 1536w, https:\/\/cameraquaytrom.net\/wp-content\/uploads\/2021\/07\/z2456486938119_7114529a68a84fc2ab068257372122ee-compressed-2048x2048.jpg 2048w, https:\/\/cameraquaytrom.net\/wp-content\/uploads\/2021\/07\/z2456486938119_7114529a68a84fc2ab068257372122ee-compressed-600x600.jpg 600w, https:\/\/cameraquaytrom.net\/wp-content\/uploads\/2021\/07\/z2456486938119_7114529a68a84fc2ab068257372122ee-compressed-100x100.jpg 100w\" sizes=\"(max-width: 300px) 100vw, 300px\" \/><\/p>\n<p><img loading=\"lazy\" decoding=\"async\" class=\"size-medium wp-image-1568 aligncenter\" src=\"https:\/\/cameraquaytrom.net\/wp-content\/uploads\/2021\/07\/z2456486742514_c8f53661a6d37e1453cd23fe269f4dc9-compressed-300x300.jpg\" alt=\"\" width=\"300\" height=\"300\" srcset=\"https:\/\/cameraquaytrom.net\/wp-content\/uploads\/2021\/07\/z2456486742514_c8f53661a6d37e1453cd23fe269f4dc9-compressed-300x300.jpg 300w, https:\/\/cameraquaytrom.net\/wp-content\/uploads\/2021\/07\/z2456486742514_c8f53661a6d37e1453cd23fe269f4dc9-compressed-1024x1024.jpg 1024w, https:\/\/cameraquaytrom.net\/wp-content\/uploads\/2021\/07\/z2456486742514_c8f53661a6d37e1453cd23fe269f4dc9-compressed-150x150.jpg 150w, https:\/\/cameraquaytrom.net\/wp-content\/uploads\/2021\/07\/z2456486742514_c8f53661a6d37e1453cd23fe269f4dc9-compressed-768x768.jpg 768w, https:\/\/cameraquaytrom.net\/wp-content\/uploads\/2021\/07\/z2456486742514_c8f53661a6d37e1453cd23fe269f4dc9-compressed-1536x1536.jpg 1536w, https:\/\/cameraquaytrom.net\/wp-content\/uploads\/2021\/07\/z2456486742514_c8f53661a6d37e1453cd23fe269f4dc9-compressed-2048x2048.jpg 2048w, https:\/\/cameraquaytrom.net\/wp-content\/uploads\/2021\/07\/z2456486742514_c8f53661a6d37e1453cd23fe269f4dc9-compressed-600x600.jpg 600w, https:\/\/cameraquaytrom.net\/wp-content\/uploads\/2021\/07\/z2456486742514_c8f53661a6d37e1453cd23fe269f4dc9-compressed-100x100.jpg 100w\" sizes=\"(max-width: 300px) 100vw, 300px\" \/><\/p>\n<p>Chi\u1ebfc camera si\u00eau nh\u1ecf v100 ng\u00e0y \u0111\u01b0\u1ee3c n\u00e2ng c\u1ea5p c\u1ea3i ti\u1ebfn t\u1eeb chi\u1ebfc cam mini v99 v\u1edbi thi\u1ebft k\u1ebf t\u01b0\u01a1ng t\u1ef1, c\u00f3 th\u00eam h\u1ed9p t\u1ea3n nhi\u1ec7t ch\u1ed1ng n\u00f3ng.<\/p>\n<p>Chi\u1ebfc camera v\u1eabn cho h\u00ecnh \u1ea3nh si\u00eau n\u00e9t Full HD v\u00e0 h\u1ed7 tr\u1ee3 xem tr\u1ef1c ti\u1ebfp h\u00ecnh \u1ea3nh t\u1eeb xa qua \u0111i\u1ec7n tho\u1ea1i kh\u00f4ng gi\u1edbi h\u1ea1n ph\u1ea1m vi kho\u1ea3ng c\u00e1ch.<\/p>\n<p>\u0110\u00e2y l\u00e0 phi\u00ean b\u1ea3n cao c\u1ea5p thi\u1ebft k\u1ebf d\u00e2y d\u00f9, trong qu\u00e1 tr\u00ecnh s\u1eed d\u1ee5ng b\u1ea1n c\u00f3 th\u1ec3 g\u1eadp d\u00e2y d\u1eabn tho\u1ea3i m\u00e1i kh\u00f4ng s\u1ee3 b\u1ecb \u0111\u1ee9t nh\u01b0 c\u00e1c d\u00f2ng r\u1ebb ti\u1ec1n.<\/p>\n<p>\u0110\u1eb7c bi\u1ec7t khi c\u00e1c b\u1ea1n mua thi\u1ebft b\u1ecb quay l\u00e9n v100 t\u1ea1i b\u00ean \u0111\u01a1n v\u1ecb H\u1ea3i T\u00e2m c\u00e1c b\u1ea1n s\u1ebd \u0111\u01b0\u1ee3c t\u1eb7ng th\u00eam th\u1ebb nh\u1edb 128G v\u00e0 mi\u1ec5n ph\u00ed ship khi mua h\u00e0ng n\u1eefa nh\u00e9. Ch\u1ebf \u0111\u1ed9 b\u1ea3o h\u00e0nh 1 \u0111\u1ed5i 1 trong v\u00f2ng 1 n\u0103m n\u1ebfu l\u1ed7i do nh\u00e0 s\u1ea3n xu\u1ea5t.<\/p>\n<h2><em><span style=\"text-decoration: underline;\">Video h\u01b0\u1edbng d\u1eabn s\u1eed d\u1ee5ng:<\/span><\/em><\/h2>\n<p><iframe loading=\"lazy\" title=\"Review Camera si\u00eau nh\u1ecf V100 quay ng\u00e0y || Camera ngu\u1ef5 trang c\u00fac \u00e1o,ngu\u1ef5 trang \u0111\u1ea7u \u0111inh v\u00edt quay 24\/24\" width=\"1020\" height=\"574\" src=\"https:\/\/www.youtube.com\/embed\/EsEOv3gQfjM?feature=oembed\" frameborder=\"0\" allow=\"accelerometer; autoplay; clipboard-write; encrypted-media; gyroscope; picture-in-picture\" allowfullscreen><\/iframe><\/p>\n<h3>Li\u00ean h\u1ec7 mua h\u00e0ng<\/h3>\n<div dir=\"auto\"><span class=\"pq6dq46d tbxw36s4 knj5qynh kvgmc6g5 ditlmg2l oygrvhab nvdbi5me sf5mxxl7 gl3lb2sf hhz5lgdu\"><img loading=\"lazy\" decoding=\"async\" src=\"https:\/\/static.xx.fbcdn.net\/images\/emoji.php\/v9\/t22\/1\/16\/260e.png\" alt=\"\u260e\ufe0f\" width=\"16\" height=\"16\" \/><\/span> A H\u1ea3i: 094.226.2345 (zalo) &#8211; T\u01b0 V\u1ea5n 24\/24<\/div>\n<div class=\"o9v6fnle cxmmr5t8 oygrvhab hcukyx3x c1et5uql ii04i59q\">\n<h3 dir=\"auto\"><span class=\"pq6dq46d tbxw36s4 knj5qynh kvgmc6g5 ditlmg2l oygrvhab nvdbi5me sf5mxxl7 gl3lb2sf hhz5lgdu\"><img loading=\"lazy\" decoding=\"async\" src=\"https:\/\/static.xx.fbcdn.net\/images\/emoji.php\/v9\/ta7\/1\/16\/1f3ea.png\" alt=\"\ud83c\udfea\" width=\"16\" height=\"16\" \/><\/span> H\u00e0 N\u1ed9i: s\u1ed1 42 Th\u1ecbnh Li\u1ec7t &#8211; Ho\u00e0ng Mai &#8211; H\u00e0 N\u1ed9i<\/h3>\n<h3 dir=\"auto\"><span class=\"pq6dq46d tbxw36s4 knj5qynh kvgmc6g5 ditlmg2l oygrvhab nvdbi5me sf5mxxl7 gl3lb2sf hhz5lgdu\"><img loading=\"lazy\" decoding=\"async\" src=\"https:\/\/static.xx.fbcdn.net\/images\/emoji.php\/v9\/ta7\/1\/16\/1f3ea.png\" alt=\"\ud83c\udfea\" width=\"16\" height=\"16\" \/><\/span> S\u00e0i G\u00f2n: 558\/66 B\u00ecnh Qu\u1edbi &#8211; Ph\u01b0\u1eddng 28 &#8211; B\u00ecnh Th\u1ea1nh<\/h3>\n<\/div>\n","protected":false},"excerpt":{"rendered":"<p>Chi\u1ebfc camera si\u00eau nh\u1ecf v100 ng\u00e0y \u0111\u01b0\u1ee3c n\u00e2ng c\u1ea5p c\u1ea3i ti\u1ebfn t\u1eeb chi\u1ebfc cam mini v99 v\u1edbi thi\u1ebft k\u1ebf t\u01b0\u01a1ng t\u1ef1, c\u00f3 th\u00eam h\u1ed9p t\u1ea3n nhi\u1ec7t ch\u1ed1ng n\u00f3ng.<\/p>\n<p>&nbsp;<\/p>\n","protected":false},"featured_media":1568,"comment_status":"open","ping_status":"closed","template":"","meta":[],"product_cat":[30,55],"product_tag":[72,59,62,57,71,60,61,58,78,77,73],"class_list":{"0":"post-681","1":"product","2":"type-product","3":"status-publish","4":"has-post-thumbnail","6":"product_cat-thiet-bi-quay-len","7":"product_cat-thiet-bi-quay-len-online","8":"product_tag-camera-cuc-ao-s63","9":"product_tag-camera-giau-kin","10":"product_tag-camera-mini","11":"product_tag-camera-nguy-trang","12":"product_tag-camera-nguy-trang-cuc-ao","13":"product_tag-camera-quay-len","14":"product_tag-camera-quay-trom","15":"product_tag-camera-sieu-nho","16":"product_tag-camera-sieu-nho-v100","17":"product_tag-camera-v100","18":"product_tag-camera-v99","20":"first","21":"instock","22":"sale","23":"shipping-taxable","24":"purchasable","25":"product-type-simple"},"_links":{"self":[{"href":"https:\/\/cameraquaytrom.net\/index.php?rest_route=\/wp\/v2\/product\/681"}],"collection":[{"href":"https:\/\/cameraquaytrom.net\/index.php?rest_route=\/wp\/v2\/product"}],"about":[{"href":"https:\/\/cameraquaytrom.net\/index.php?rest_route=\/wp\/v2\/types\/product"}],"replies":[{"embeddable":true,"href":"https:\/\/cameraquaytrom.net\/index.php?rest_route=%2Fwp%2Fv2%2Fcomments&post=681"}],"wp:featuredmedia":[{"embeddable":true,"href":"https:\/\/cameraquaytrom.net\/index.php?rest_route=\/wp\/v2\/media\/1568"}],"wp:attachment":[{"href":"https:\/\/cameraquaytrom.net\/index.php?rest_route=%2Fwp%2Fv2%2Fmedia&parent=681"}],"wp:term":[{"taxonomy":"product_cat","embeddable":true,"href":"https:\/\/cameraquaytrom.net\/index.php?rest_route=%2Fwp%2Fv2%2Fproduct_cat&post=681"},{"taxonomy":"product_tag","embeddable":true,"href":"https:\/\/cameraquaytrom.net\/index.php?rest_route=%2Fwp%2Fv2%2Fproduct_tag&post=681"}],"curies":[{"name":"wp","href":"https:\/\/api.w.org\/{rel}","templated":true}]}}