{"id":720,"date":"2020-03-17T11:43:30","date_gmt":"2020-03-17T11:43:30","guid":{"rendered":"http:\/\/maynghelengiare.com\/?post_type=product&#038;p=720"},"modified":"2021-07-30T08:02:48","modified_gmt":"2021-07-30T08:02:48","slug":"camera-sieu-nho-a15-cao-cap","status":"publish","type":"product","link":"https:\/\/cameraquaytrom.net\/?product=camera-sieu-nho-a15-cao-cap","title":{"rendered":"Camera Si\u00eau Nh\u1ecf A15 Ch\u1ed1ng N\u01b0\u1edbc"},"content":{"rendered":"<h1 style=\"text-align: center;\">Camera Si\u00eau Nh\u1ecf A15 Ch\u1ed1ng N\u01b0\u1edbc<\/h1>\n<p><img loading=\"lazy\" decoding=\"async\" class=\"size-medium wp-image-1659 aligncenter\" src=\"https:\/\/cameraquaytrom.net\/wp-content\/uploads\/2021\/07\/z2459222407400_49966a8b6e5ccfb89e7d8d197b17109e-compressed-300x300.jpg\" alt=\"\" width=\"300\" height=\"300\" srcset=\"https:\/\/cameraquaytrom.net\/wp-content\/uploads\/2021\/07\/z2459222407400_49966a8b6e5ccfb89e7d8d197b17109e-compressed-300x300.jpg 300w, https:\/\/cameraquaytrom.net\/wp-content\/uploads\/2021\/07\/z2459222407400_49966a8b6e5ccfb89e7d8d197b17109e-compressed-1024x1024.jpg 1024w, https:\/\/cameraquaytrom.net\/wp-content\/uploads\/2021\/07\/z2459222407400_49966a8b6e5ccfb89e7d8d197b17109e-compressed-150x150.jpg 150w, https:\/\/cameraquaytrom.net\/wp-content\/uploads\/2021\/07\/z2459222407400_49966a8b6e5ccfb89e7d8d197b17109e-compressed-768x768.jpg 768w, https:\/\/cameraquaytrom.net\/wp-content\/uploads\/2021\/07\/z2459222407400_49966a8b6e5ccfb89e7d8d197b17109e-compressed-1536x1536.jpg 1536w, https:\/\/cameraquaytrom.net\/wp-content\/uploads\/2021\/07\/z2459222407400_49966a8b6e5ccfb89e7d8d197b17109e-compressed-2048x2048.jpg 2048w, https:\/\/cameraquaytrom.net\/wp-content\/uploads\/2021\/07\/z2459222407400_49966a8b6e5ccfb89e7d8d197b17109e-compressed-600x600.jpg 600w, https:\/\/cameraquaytrom.net\/wp-content\/uploads\/2021\/07\/z2459222407400_49966a8b6e5ccfb89e7d8d197b17109e-compressed-100x100.jpg 100w\" sizes=\"(max-width: 300px) 100vw, 300px\" \/><\/p>\n<p><img loading=\"lazy\" decoding=\"async\" class=\"size-medium wp-image-1658 aligncenter\" src=\"https:\/\/cameraquaytrom.net\/wp-content\/uploads\/2021\/07\/z2459222367565_7540d9189658e35a83593a5980905807-compressed-300x300.jpg\" alt=\"\" width=\"300\" height=\"300\" srcset=\"https:\/\/cameraquaytrom.net\/wp-content\/uploads\/2021\/07\/z2459222367565_7540d9189658e35a83593a5980905807-compressed-300x300.jpg 300w, https:\/\/cameraquaytrom.net\/wp-content\/uploads\/2021\/07\/z2459222367565_7540d9189658e35a83593a5980905807-compressed-1024x1024.jpg 1024w, https:\/\/cameraquaytrom.net\/wp-content\/uploads\/2021\/07\/z2459222367565_7540d9189658e35a83593a5980905807-compressed-150x150.jpg 150w, https:\/\/cameraquaytrom.net\/wp-content\/uploads\/2021\/07\/z2459222367565_7540d9189658e35a83593a5980905807-compressed-768x768.jpg 768w, https:\/\/cameraquaytrom.net\/wp-content\/uploads\/2021\/07\/z2459222367565_7540d9189658e35a83593a5980905807-compressed-1536x1536.jpg 1536w, https:\/\/cameraquaytrom.net\/wp-content\/uploads\/2021\/07\/z2459222367565_7540d9189658e35a83593a5980905807-compressed-2048x2048.jpg 2048w, https:\/\/cameraquaytrom.net\/wp-content\/uploads\/2021\/07\/z2459222367565_7540d9189658e35a83593a5980905807-compressed-600x600.jpg 600w, https:\/\/cameraquaytrom.net\/wp-content\/uploads\/2021\/07\/z2459222367565_7540d9189658e35a83593a5980905807-compressed-100x100.jpg 100w\" sizes=\"(max-width: 300px) 100vw, 300px\" \/><\/p>\n<p><img loading=\"lazy\" decoding=\"async\" class=\"size-medium wp-image-1657 aligncenter\" src=\"https:\/\/cameraquaytrom.net\/wp-content\/uploads\/2021\/07\/z2459222341190_d98a7d41d7e3dd029ecff5d34c74a342-compressed-300x300.jpg\" alt=\"\" width=\"300\" height=\"300\" srcset=\"https:\/\/cameraquaytrom.net\/wp-content\/uploads\/2021\/07\/z2459222341190_d98a7d41d7e3dd029ecff5d34c74a342-compressed-300x300.jpg 300w, https:\/\/cameraquaytrom.net\/wp-content\/uploads\/2021\/07\/z2459222341190_d98a7d41d7e3dd029ecff5d34c74a342-compressed-1024x1024.jpg 1024w, https:\/\/cameraquaytrom.net\/wp-content\/uploads\/2021\/07\/z2459222341190_d98a7d41d7e3dd029ecff5d34c74a342-compressed-150x150.jpg 150w, https:\/\/cameraquaytrom.net\/wp-content\/uploads\/2021\/07\/z2459222341190_d98a7d41d7e3dd029ecff5d34c74a342-compressed-768x768.jpg 768w, https:\/\/cameraquaytrom.net\/wp-content\/uploads\/2021\/07\/z2459222341190_d98a7d41d7e3dd029ecff5d34c74a342-compressed-1536x1536.jpg 1536w, https:\/\/cameraquaytrom.net\/wp-content\/uploads\/2021\/07\/z2459222341190_d98a7d41d7e3dd029ecff5d34c74a342-compressed-2048x2048.jpg 2048w, https:\/\/cameraquaytrom.net\/wp-content\/uploads\/2021\/07\/z2459222341190_d98a7d41d7e3dd029ecff5d34c74a342-compressed-600x600.jpg 600w, https:\/\/cameraquaytrom.net\/wp-content\/uploads\/2021\/07\/z2459222341190_d98a7d41d7e3dd029ecff5d34c74a342-compressed-100x100.jpg 100w\" sizes=\"(max-width: 300px) 100vw, 300px\" \/><\/p>\n<p><img loading=\"lazy\" decoding=\"async\" class=\"size-medium wp-image-1656 aligncenter\" src=\"https:\/\/cameraquaytrom.net\/wp-content\/uploads\/2021\/07\/z2459222291971_5533f5cf572b67771244071d8f97ca54-compressed-300x300.jpg\" alt=\"\" width=\"300\" height=\"300\" srcset=\"https:\/\/cameraquaytrom.net\/wp-content\/uploads\/2021\/07\/z2459222291971_5533f5cf572b67771244071d8f97ca54-compressed-300x300.jpg 300w, https:\/\/cameraquaytrom.net\/wp-content\/uploads\/2021\/07\/z2459222291971_5533f5cf572b67771244071d8f97ca54-compressed-1024x1024.jpg 1024w, https:\/\/cameraquaytrom.net\/wp-content\/uploads\/2021\/07\/z2459222291971_5533f5cf572b67771244071d8f97ca54-compressed-150x150.jpg 150w, https:\/\/cameraquaytrom.net\/wp-content\/uploads\/2021\/07\/z2459222291971_5533f5cf572b67771244071d8f97ca54-compressed-768x768.jpg 768w, https:\/\/cameraquaytrom.net\/wp-content\/uploads\/2021\/07\/z2459222291971_5533f5cf572b67771244071d8f97ca54-compressed-1536x1536.jpg 1536w, https:\/\/cameraquaytrom.net\/wp-content\/uploads\/2021\/07\/z2459222291971_5533f5cf572b67771244071d8f97ca54-compressed-2048x2048.jpg 2048w, https:\/\/cameraquaytrom.net\/wp-content\/uploads\/2021\/07\/z2459222291971_5533f5cf572b67771244071d8f97ca54-compressed-600x600.jpg 600w, https:\/\/cameraquaytrom.net\/wp-content\/uploads\/2021\/07\/z2459222291971_5533f5cf572b67771244071d8f97ca54-compressed-100x100.jpg 100w\" sizes=\"(max-width: 300px) 100vw, 300px\" \/><\/p>\n<p><img loading=\"lazy\" decoding=\"async\" class=\"size-medium wp-image-1655 aligncenter\" src=\"https:\/\/cameraquaytrom.net\/wp-content\/uploads\/2021\/07\/z2459222277813_662362fd512c868d69b3ec6264c921ad-compressed-300x300.jpg\" alt=\"\" width=\"300\" height=\"300\" srcset=\"https:\/\/cameraquaytrom.net\/wp-content\/uploads\/2021\/07\/z2459222277813_662362fd512c868d69b3ec6264c921ad-compressed-300x300.jpg 300w, https:\/\/cameraquaytrom.net\/wp-content\/uploads\/2021\/07\/z2459222277813_662362fd512c868d69b3ec6264c921ad-compressed-1024x1024.jpg 1024w, https:\/\/cameraquaytrom.net\/wp-content\/uploads\/2021\/07\/z2459222277813_662362fd512c868d69b3ec6264c921ad-compressed-150x150.jpg 150w, https:\/\/cameraquaytrom.net\/wp-content\/uploads\/2021\/07\/z2459222277813_662362fd512c868d69b3ec6264c921ad-compressed-768x768.jpg 768w, https:\/\/cameraquaytrom.net\/wp-content\/uploads\/2021\/07\/z2459222277813_662362fd512c868d69b3ec6264c921ad-compressed-1536x1536.jpg 1536w, https:\/\/cameraquaytrom.net\/wp-content\/uploads\/2021\/07\/z2459222277813_662362fd512c868d69b3ec6264c921ad-compressed-2048x2048.jpg 2048w, https:\/\/cameraquaytrom.net\/wp-content\/uploads\/2021\/07\/z2459222277813_662362fd512c868d69b3ec6264c921ad-compressed-600x600.jpg 600w, https:\/\/cameraquaytrom.net\/wp-content\/uploads\/2021\/07\/z2459222277813_662362fd512c868d69b3ec6264c921ad-compressed-100x100.jpg 100w\" sizes=\"(max-width: 300px) 100vw, 300px\" \/><\/p>\n<p>Thi\u1ebft b\u1ecb camera quay l\u00e9n camera h\u00e0nh tr\u00ecnh A15 v\u1eeba m\u1edbi ra m\u1eaft t\u1eeb th\u00e1ng 2 n\u0103m 2021 \u0111\u00e3 l\u00e0 ti\u00eau \u0111i\u1ec3m \u0111\u00e1ng ch\u00fa \u00fd c\u1ee7a c\u00e1c t\u00edn \u0111\u1ed3 \u0111am m\u00ea c\u00f4ng ngh\u1ec7 cao.<\/p>\n<p>V\u1edbi ch\u1ea5t l\u01b0\u1ee3ng h\u00ecnh \u1ea3nh si\u00eau n\u00e9t k\u00e8m m\u1eaft cam l\u1ed3i gi\u00fap cho g\u00f3c quay c\u1ee7a m\u1eaft cam \u0111\u1ea1t c\u1ef1c \u0111\u1ea1i 190 \u0111\u1ed9. Ngo\u00e0i ra th\u00ec v\u1edbi chi\u1ebfc cam A15 ta c\u00f2n xem \u0111\u01b0\u1ee3c h\u00ecnh \u1ea3nh tr\u1ef1c ti\u1ebfp t\u1eeb xa qua \u0111i\u1ec7n tho\u1ea1i v\u00e0 thu h\u00ecnh k\u00e8m lu\u00f4n \u00e2m thanh r\u1ea5t r\u00f5 n\u1eefa c\u00e1c b\u1ea1n nh\u00e9.<\/p>\n<p>N\u1ebfu c\u00e1c b\u1ea1n \u0111ang c\u00f3 nhu c\u1ea7u quan t\u00e2m \u0111\u1ebfn d\u00f2ng camera mini kh\u00f4ng d\u00e2y th\u00ec ph\u1ea3i tham kh\u1ea3o ngay d\u00f2ng camera n\u00e0y nh\u00e9.<\/p>\n<h2><em><span style=\"text-decoration: underline;\">Video h\u01b0\u1edbng d\u1eabn s\u1eed d\u1ee5ng<\/span><\/em><\/h2>\n<p><iframe loading=\"lazy\" title=\"Tuy\u1ec7t Ph\u1ea9m Camera Si\u00eau Nh\u1ecf A15 Ch\u1ed1ng N\u01b0\u1edbc Xem Qua \u0110T Si\u00eau N\u00e9t || Camera quay l\u00e9n gi\u00e1 r\u1ebb A15 quay \u0111\u00eam\" width=\"1020\" height=\"574\" src=\"https:\/\/www.youtube.com\/embed\/V4SS5S-4Cgs?start=448&#038;feature=oembed\" frameborder=\"0\" allow=\"accelerometer; autoplay; clipboard-write; encrypted-media; gyroscope; picture-in-picture\" allowfullscreen><\/iframe><\/p>\n<div class=\"\" data-block=\"true\" data-editor=\"5n398\" data-offset-key=\"dqdsp-0-0\">\n<h3 class=\"_1mf _1mj\" data-offset-key=\"dqdsp-0-0\"><b>Li\u00ean h\u1ec7 mua h\u00e0ng<\/b><\/h3>\n<div data-offset-key=\"dqdsp-0-0\">\n<div dir=\"auto\"><span class=\"pq6dq46d tbxw36s4 knj5qynh kvgmc6g5 ditlmg2l oygrvhab nvdbi5me sf5mxxl7 gl3lb2sf hhz5lgdu\"><img loading=\"lazy\" decoding=\"async\" src=\"https:\/\/static.xx.fbcdn.net\/images\/emoji.php\/v9\/t22\/1\/16\/260e.png\" alt=\"\u260e\ufe0f\" width=\"16\" height=\"16\" \/><\/span> A H\u1ea3i: 094.226.2345 (zalo) &#8211; T\u01b0 V\u1ea5n 24\/24<\/div>\n<div class=\"o9v6fnle cxmmr5t8 oygrvhab hcukyx3x c1et5uql ii04i59q\">\n<h3 dir=\"auto\"><span class=\"pq6dq46d tbxw36s4 knj5qynh kvgmc6g5 ditlmg2l oygrvhab nvdbi5me sf5mxxl7 gl3lb2sf hhz5lgdu\"><img loading=\"lazy\" decoding=\"async\" src=\"https:\/\/static.xx.fbcdn.net\/images\/emoji.php\/v9\/ta7\/1\/16\/1f3ea.png\" alt=\"\ud83c\udfea\" width=\"16\" height=\"16\" \/><\/span> H\u00e0 N\u1ed9i: s\u1ed1 42 Th\u1ecbnh Li\u1ec7t &#8211; Ho\u00e0ng Mai &#8211; H\u00e0 N\u1ed9i<\/h3>\n<h3 dir=\"auto\"><span class=\"pq6dq46d tbxw36s4 knj5qynh kvgmc6g5 ditlmg2l oygrvhab nvdbi5me sf5mxxl7 gl3lb2sf hhz5lgdu\"><img loading=\"lazy\" decoding=\"async\" src=\"https:\/\/static.xx.fbcdn.net\/images\/emoji.php\/v9\/ta7\/1\/16\/1f3ea.png\" alt=\"\ud83c\udfea\" width=\"16\" height=\"16\" \/><\/span> S\u00e0i G\u00f2n: 558\/66 B\u00ecnh Qu\u1edbi &#8211; Ph\u01b0\u1eddng 28 &#8211; B\u00ecnh Th\u1ea1nh<\/h3>\n<\/div>\n<\/div>\n<\/div>\n","protected":false},"excerpt":{"rendered":"<p>Thi\u1ebft b\u1ecb camera quay l\u00e9n camera h\u00e0nh tr\u00ecnh A15 v\u1eeba m\u1edbi ra m\u1eaft t\u1eeb th\u00e1ng 2 n\u0103m 2021 \u0111\u00e3 l\u00e0 ti\u00eau \u0111i\u1ec3m \u0111\u00e1ng ch\u00fa \u00fd c\u1ee7a c\u00e1c t\u00edn \u0111\u1ed3 \u0111am m\u00ea c\u00f4ng ngh\u1ec7 cao.<\/p>\n<p>&nbsp;<\/p>\n","protected":false},"featured_media":1656,"comment_status":"open","ping_status":"closed","template":"","meta":[],"product_cat":[30,55],"product_tag":[59,62,57,71,61,58],"class_list":{"0":"post-720","1":"product","2":"type-product","3":"status-publish","4":"has-post-thumbnail","6":"product_cat-thiet-bi-quay-len","7":"product_cat-thiet-bi-quay-len-online","8":"product_tag-camera-giau-kin","9":"product_tag-camera-mini","10":"product_tag-camera-nguy-trang","11":"product_tag-camera-nguy-trang-cuc-ao","12":"product_tag-camera-quay-trom","13":"product_tag-camera-sieu-nho","15":"first","16":"instock","17":"sale","18":"shipping-taxable","19":"purchasable","20":"product-type-simple"},"_links":{"self":[{"href":"https:\/\/cameraquaytrom.net\/index.php?rest_route=\/wp\/v2\/product\/720"}],"collection":[{"href":"https:\/\/cameraquaytrom.net\/index.php?rest_route=\/wp\/v2\/product"}],"about":[{"href":"https:\/\/cameraquaytrom.net\/index.php?rest_route=\/wp\/v2\/types\/product"}],"replies":[{"embeddable":true,"href":"https:\/\/cameraquaytrom.net\/index.php?rest_route=%2Fwp%2Fv2%2Fcomments&post=720"}],"wp:featuredmedia":[{"embeddable":true,"href":"https:\/\/cameraquaytrom.net\/index.php?rest_route=\/wp\/v2\/media\/1656"}],"wp:attachment":[{"href":"https:\/\/cameraquaytrom.net\/index.php?rest_route=%2Fwp%2Fv2%2Fmedia&parent=720"}],"wp:term":[{"taxonomy":"product_cat","embeddable":true,"href":"https:\/\/cameraquaytrom.net\/index.php?rest_route=%2Fwp%2Fv2%2Fproduct_cat&post=720"},{"taxonomy":"product_tag","embeddable":true,"href":"https:\/\/cameraquaytrom.net\/index.php?rest_route=%2Fwp%2Fv2%2Fproduct_tag&post=720"}],"curies":[{"name":"wp","href":"https:\/\/api.w.org\/{rel}","templated":true}]}}