{"id":728,"date":"2020-03-31T04:05:34","date_gmt":"2020-03-31T04:05:34","guid":{"rendered":"http:\/\/maynghelengiare.com\/?post_type=product&#038;p=728"},"modified":"2021-07-30T07:56:35","modified_gmt":"2021-07-30T07:56:35","slug":"cuc-sac-camera-quay-offline-luu-the-nho","status":"publish","type":"product","link":"https:\/\/cameraquaytrom.net\/?product=cuc-sac-camera-quay-offline-luu-the-nho","title":{"rendered":"C\u1ee5c S\u1ea1c Camera Quay Offline L\u01b0u Th\u1ebb Nh\u1edb"},"content":{"rendered":"<h1 style=\"text-align: center;\">C\u1ee5c S\u1ea1c Camera Quay Offline L\u01b0u Th\u1ebb Nh\u1edb<\/h1>\n<p><img loading=\"lazy\" decoding=\"async\" class=\"size-medium wp-image-1594 aligncenter\" src=\"https:\/\/cameraquaytrom.net\/wp-content\/uploads\/2021\/07\/z2456492655959_9b9d0e1c44c8a4d1e0a88688f236bc37-compressed-300x300.jpg\" alt=\"\" width=\"300\" height=\"300\" srcset=\"https:\/\/cameraquaytrom.net\/wp-content\/uploads\/2021\/07\/z2456492655959_9b9d0e1c44c8a4d1e0a88688f236bc37-compressed-300x300.jpg 300w, https:\/\/cameraquaytrom.net\/wp-content\/uploads\/2021\/07\/z2456492655959_9b9d0e1c44c8a4d1e0a88688f236bc37-compressed-1024x1024.jpg 1024w, https:\/\/cameraquaytrom.net\/wp-content\/uploads\/2021\/07\/z2456492655959_9b9d0e1c44c8a4d1e0a88688f236bc37-compressed-150x150.jpg 150w, https:\/\/cameraquaytrom.net\/wp-content\/uploads\/2021\/07\/z2456492655959_9b9d0e1c44c8a4d1e0a88688f236bc37-compressed-768x768.jpg 768w, https:\/\/cameraquaytrom.net\/wp-content\/uploads\/2021\/07\/z2456492655959_9b9d0e1c44c8a4d1e0a88688f236bc37-compressed-1536x1536.jpg 1536w, https:\/\/cameraquaytrom.net\/wp-content\/uploads\/2021\/07\/z2456492655959_9b9d0e1c44c8a4d1e0a88688f236bc37-compressed-2048x2048.jpg 2048w, https:\/\/cameraquaytrom.net\/wp-content\/uploads\/2021\/07\/z2456492655959_9b9d0e1c44c8a4d1e0a88688f236bc37-compressed-600x600.jpg 600w, https:\/\/cameraquaytrom.net\/wp-content\/uploads\/2021\/07\/z2456492655959_9b9d0e1c44c8a4d1e0a88688f236bc37-compressed-100x100.jpg 100w\" sizes=\"(max-width: 300px) 100vw, 300px\" \/><\/p>\n<p><img loading=\"lazy\" decoding=\"async\" class=\"size-medium wp-image-1593 aligncenter\" src=\"https:\/\/cameraquaytrom.net\/wp-content\/uploads\/2021\/07\/z2456492529930_9c3b58c7cf66d9293ece82470711130b-compressed-300x300.jpg\" alt=\"\" width=\"300\" height=\"300\" srcset=\"https:\/\/cameraquaytrom.net\/wp-content\/uploads\/2021\/07\/z2456492529930_9c3b58c7cf66d9293ece82470711130b-compressed-300x300.jpg 300w, https:\/\/cameraquaytrom.net\/wp-content\/uploads\/2021\/07\/z2456492529930_9c3b58c7cf66d9293ece82470711130b-compressed-1024x1024.jpg 1024w, https:\/\/cameraquaytrom.net\/wp-content\/uploads\/2021\/07\/z2456492529930_9c3b58c7cf66d9293ece82470711130b-compressed-150x150.jpg 150w, https:\/\/cameraquaytrom.net\/wp-content\/uploads\/2021\/07\/z2456492529930_9c3b58c7cf66d9293ece82470711130b-compressed-768x768.jpg 768w, https:\/\/cameraquaytrom.net\/wp-content\/uploads\/2021\/07\/z2456492529930_9c3b58c7cf66d9293ece82470711130b-compressed-1536x1536.jpg 1536w, https:\/\/cameraquaytrom.net\/wp-content\/uploads\/2021\/07\/z2456492529930_9c3b58c7cf66d9293ece82470711130b-compressed-2048x2048.jpg 2048w, https:\/\/cameraquaytrom.net\/wp-content\/uploads\/2021\/07\/z2456492529930_9c3b58c7cf66d9293ece82470711130b-compressed-600x600.jpg 600w, https:\/\/cameraquaytrom.net\/wp-content\/uploads\/2021\/07\/z2456492529930_9c3b58c7cf66d9293ece82470711130b-compressed-100x100.jpg 100w\" sizes=\"(max-width: 300px) 100vw, 300px\" \/><\/p>\n<p><img loading=\"lazy\" decoding=\"async\" class=\"size-medium wp-image-1592 aligncenter\" src=\"https:\/\/cameraquaytrom.net\/wp-content\/uploads\/2021\/07\/z2456492234221_a0d163b21bc0139fc1531024ae322fdc-compressed-300x300.jpg\" alt=\"\" width=\"300\" height=\"300\" srcset=\"https:\/\/cameraquaytrom.net\/wp-content\/uploads\/2021\/07\/z2456492234221_a0d163b21bc0139fc1531024ae322fdc-compressed-300x300.jpg 300w, https:\/\/cameraquaytrom.net\/wp-content\/uploads\/2021\/07\/z2456492234221_a0d163b21bc0139fc1531024ae322fdc-compressed-1024x1024.jpg 1024w, https:\/\/cameraquaytrom.net\/wp-content\/uploads\/2021\/07\/z2456492234221_a0d163b21bc0139fc1531024ae322fdc-compressed-150x150.jpg 150w, https:\/\/cameraquaytrom.net\/wp-content\/uploads\/2021\/07\/z2456492234221_a0d163b21bc0139fc1531024ae322fdc-compressed-768x768.jpg 768w, https:\/\/cameraquaytrom.net\/wp-content\/uploads\/2021\/07\/z2456492234221_a0d163b21bc0139fc1531024ae322fdc-compressed-1536x1536.jpg 1536w, https:\/\/cameraquaytrom.net\/wp-content\/uploads\/2021\/07\/z2456492234221_a0d163b21bc0139fc1531024ae322fdc-compressed-2048x2048.jpg 2048w, https:\/\/cameraquaytrom.net\/wp-content\/uploads\/2021\/07\/z2456492234221_a0d163b21bc0139fc1531024ae322fdc-compressed-600x600.jpg 600w, https:\/\/cameraquaytrom.net\/wp-content\/uploads\/2021\/07\/z2456492234221_a0d163b21bc0139fc1531024ae322fdc-compressed-100x100.jpg 100w\" sizes=\"(max-width: 300px) 100vw, 300px\" \/><\/p>\n<p>B\u1ea1n \u0111ang c\u1ea7n\u00a0m\u1ed9t chi\u1ebfc camera ngu\u1ef5 trang m\u00e0 nh\u00e0 b\u1ea1n l\u1ea1i kh\u00f4ng c\u00f3 wifi, nh\u01b0ng b\u1ea1n v\u1eabn mu\u1ed1n l\u01b0u gi\u1eef l\u1ea1i \u0111\u01b0\u1ee3c h\u00ecnh \u1ea3nh th\u00ec b\u1ea1n h\u00e3y tham kh\u1ea3o ngay chi\u1ebfc s\u1ea1c camera n\u00e0y nh\u00e9.<\/p>\n<p><img loading=\"lazy\" decoding=\"async\" class=\"size-medium wp-image-1595 aligncenter\" src=\"https:\/\/cameraquaytrom.net\/wp-content\/uploads\/2021\/07\/z2456492852660_d24aae4dfa4e2d18cc10d469b3fa5023-compressed-300x300.jpg\" alt=\"\" width=\"300\" height=\"300\" srcset=\"https:\/\/cameraquaytrom.net\/wp-content\/uploads\/2021\/07\/z2456492852660_d24aae4dfa4e2d18cc10d469b3fa5023-compressed-300x300.jpg 300w, https:\/\/cameraquaytrom.net\/wp-content\/uploads\/2021\/07\/z2456492852660_d24aae4dfa4e2d18cc10d469b3fa5023-compressed-1024x1024.jpg 1024w, https:\/\/cameraquaytrom.net\/wp-content\/uploads\/2021\/07\/z2456492852660_d24aae4dfa4e2d18cc10d469b3fa5023-compressed-150x150.jpg 150w, https:\/\/cameraquaytrom.net\/wp-content\/uploads\/2021\/07\/z2456492852660_d24aae4dfa4e2d18cc10d469b3fa5023-compressed-768x768.jpg 768w, https:\/\/cameraquaytrom.net\/wp-content\/uploads\/2021\/07\/z2456492852660_d24aae4dfa4e2d18cc10d469b3fa5023-compressed-1536x1536.jpg 1536w, https:\/\/cameraquaytrom.net\/wp-content\/uploads\/2021\/07\/z2456492852660_d24aae4dfa4e2d18cc10d469b3fa5023-compressed-2048x2048.jpg 2048w, https:\/\/cameraquaytrom.net\/wp-content\/uploads\/2021\/07\/z2456492852660_d24aae4dfa4e2d18cc10d469b3fa5023-compressed-600x600.jpg 600w, https:\/\/cameraquaytrom.net\/wp-content\/uploads\/2021\/07\/z2456492852660_d24aae4dfa4e2d18cc10d469b3fa5023-compressed-100x100.jpg 100w\" sizes=\"(max-width: 300px) 100vw, 300px\" \/><\/p>\n<p>B\u1ea1n ch\u1ec9 c\u1ea7n c\u1eafm th\u1ebb nh\u1edb v\u00e0o b\u00ean trong camera, r\u1ed3i c\u1eafm v\u00e0o \u1ed5 \u0111i\u1ec7n l\u00e0 camera s\u1ebd t\u1ef1 \u0111\u1ed9ng ghi l\u1ea1i \u0111\u01b0\u1ee3c t\u1ea5t c\u1ea3 nh\u1eefng h\u00ecnh \u1ea3nh m\u1eaft camera soi\u00a0 \u0111\u01b0\u1ee3c. \u0110\u1eb7c bi\u1ec7t l\u00e0 khi thu h\u00ecnh camera c\u00f2n thu lu\u00f4n \u0111\u01b0\u1ee3c ti\u1ebfng nh\u00e9, \u0111\u1ed9 ph\u00e2n gi\u1ea3i camera thu \u0111\u01b0\u1ee3c l\u00e0 HD1080p<\/p>\n<div class=\"\" data-block=\"true\" data-editor=\"5n398\" data-offset-key=\"dqdsp-0-0\">\n<h3 class=\"_1mf _1mj\" data-offset-key=\"dqdsp-0-0\"><strong>Li\u00ean h\u1ec7 t\u01b0 v\u1ea5n<\/strong><\/h3>\n<div data-offset-key=\"dqdsp-0-0\">\n<div dir=\"auto\"><span class=\"pq6dq46d tbxw36s4 knj5qynh kvgmc6g5 ditlmg2l oygrvhab nvdbi5me sf5mxxl7 gl3lb2sf hhz5lgdu\"><img loading=\"lazy\" decoding=\"async\" src=\"https:\/\/static.xx.fbcdn.net\/images\/emoji.php\/v9\/t22\/1\/16\/260e.png\" alt=\"\u260e\ufe0f\" width=\"16\" height=\"16\" \/><\/span> A H\u1ea3i: 094.226.2345 (zalo) &#8211; T\u01b0 V\u1ea5n 24\/24<\/div>\n<div class=\"o9v6fnle cxmmr5t8 oygrvhab hcukyx3x c1et5uql ii04i59q\">\n<h3 dir=\"auto\"><span class=\"pq6dq46d tbxw36s4 knj5qynh kvgmc6g5 ditlmg2l oygrvhab nvdbi5me sf5mxxl7 gl3lb2sf hhz5lgdu\"><img loading=\"lazy\" decoding=\"async\" src=\"https:\/\/static.xx.fbcdn.net\/images\/emoji.php\/v9\/ta7\/1\/16\/1f3ea.png\" alt=\"\ud83c\udfea\" width=\"16\" height=\"16\" \/><\/span> H\u00e0 N\u1ed9i: s\u1ed1 42 Th\u1ecbnh Li\u1ec7t &#8211; Ho\u00e0ng Mai &#8211; H\u00e0 N\u1ed9i<\/h3>\n<h3 dir=\"auto\"><span class=\"pq6dq46d tbxw36s4 knj5qynh kvgmc6g5 ditlmg2l oygrvhab nvdbi5me sf5mxxl7 gl3lb2sf hhz5lgdu\"><img loading=\"lazy\" decoding=\"async\" src=\"https:\/\/static.xx.fbcdn.net\/images\/emoji.php\/v9\/ta7\/1\/16\/1f3ea.png\" alt=\"\ud83c\udfea\" width=\"16\" height=\"16\" \/><\/span> S\u00e0i G\u00f2n: 558\/66 B\u00ecnh Qu\u1edbi &#8211; Ph\u01b0\u1eddng 28 &#8211; B\u00ecnh Th\u1ea1nh<\/h3>\n<\/div>\n<\/div>\n<\/div>\n","protected":false},"excerpt":{"rendered":"<p>B\u1ea1n \u0111ang c\u1ea7n\u00a0m\u1ed9t chi\u1ebfc camera ngu\u1ef5 trang m\u00e0 nh\u00e0 b\u1ea1n l\u1ea1i kh\u00f4ng c\u00f3 wifi, nh\u01b0ng b\u1ea1n v\u1eabn mu\u1ed1n l\u01b0u gi\u1eef l\u1ea1i \u0111\u01b0\u1ee3c h\u00ecnh \u1ea3nh th\u00ec b\u1ea1n h\u00e3y tham kh\u1ea3o ngay chi\u1ebfc s\u1ea1c camera n\u00e0y nh\u00e9.<\/p>\n<p>&nbsp;<\/p>\n","protected":false},"featured_media":1594,"comment_status":"open","ping_status":"closed","template":"","meta":[],"product_cat":[30,56],"product_tag":[59,62,57,71,74,60,61,58,68],"class_list":{"0":"post-728","1":"product","2":"type-product","3":"status-publish","4":"has-post-thumbnail","6":"product_cat-thiet-bi-quay-len","7":"product_cat-thiet-bi-quay-len-offline","8":"product_tag-camera-giau-kin","9":"product_tag-camera-mini","10":"product_tag-camera-nguy-trang","11":"product_tag-camera-nguy-trang-cuc-ao","12":"product_tag-camera-nguy-trang-cuc-sac","13":"product_tag-camera-quay-len","14":"product_tag-camera-quay-trom","15":"product_tag-camera-sieu-nho","16":"product_tag-camera-xem-tu-xa","18":"first","19":"instock","20":"sale","21":"shipping-taxable","22":"purchasable","23":"product-type-simple"},"_links":{"self":[{"href":"https:\/\/cameraquaytrom.net\/index.php?rest_route=\/wp\/v2\/product\/728"}],"collection":[{"href":"https:\/\/cameraquaytrom.net\/index.php?rest_route=\/wp\/v2\/product"}],"about":[{"href":"https:\/\/cameraquaytrom.net\/index.php?rest_route=\/wp\/v2\/types\/product"}],"replies":[{"embeddable":true,"href":"https:\/\/cameraquaytrom.net\/index.php?rest_route=%2Fwp%2Fv2%2Fcomments&post=728"}],"wp:featuredmedia":[{"embeddable":true,"href":"https:\/\/cameraquaytrom.net\/index.php?rest_route=\/wp\/v2\/media\/1594"}],"wp:attachment":[{"href":"https:\/\/cameraquaytrom.net\/index.php?rest_route=%2Fwp%2Fv2%2Fmedia&parent=728"}],"wp:term":[{"taxonomy":"product_cat","embeddable":true,"href":"https:\/\/cameraquaytrom.net\/index.php?rest_route=%2Fwp%2Fv2%2Fproduct_cat&post=728"},{"taxonomy":"product_tag","embeddable":true,"href":"https:\/\/cameraquaytrom.net\/index.php?rest_route=%2Fwp%2Fv2%2Fproduct_tag&post=728"}],"curies":[{"name":"wp","href":"https:\/\/api.w.org\/{rel}","templated":true}]}}