{"id":789,"date":"2020-04-01T14:10:01","date_gmt":"2020-04-01T14:10:01","guid":{"rendered":"http:\/\/maynghelengiare.com\/?post_type=product&#038;p=789"},"modified":"2021-11-10T04:12:00","modified_gmt":"2021-11-10T04:12:00","slug":"camera-nguy-trang-dong-ho-de-ban","status":"publish","type":"product","link":"https:\/\/cameraquaytrom.net\/?product=camera-nguy-trang-dong-ho-de-ban","title":{"rendered":"Camera Ngu\u1ef5 Trang \u0110\u1ed3ng H\u1ed3 \u0110\u00e8n Led \u0110\u1ec3 B\u00e0n Quay 24\/24"},"content":{"rendered":"<h1 style=\"text-align: center;\">Camera Ngu\u1ef5 Trang \u0110\u1ed3ng H\u1ed3 \u0110\u00e8n Led \u0110\u1ec3 B\u00e0n Quay 24\/24<\/h1>\n<p><img loading=\"lazy\" decoding=\"async\" class=\"size-medium wp-image-1610 aligncenter\" src=\"https:\/\/cameraquaytrom.net\/wp-content\/uploads\/2021\/07\/z2456496464206_da171da8a69835cbe448d2bfa7d1d665-compressed-300x300.jpg\" alt=\"\" width=\"300\" height=\"300\" srcset=\"https:\/\/cameraquaytrom.net\/wp-content\/uploads\/2021\/07\/z2456496464206_da171da8a69835cbe448d2bfa7d1d665-compressed-300x300.jpg 300w, https:\/\/cameraquaytrom.net\/wp-content\/uploads\/2021\/07\/z2456496464206_da171da8a69835cbe448d2bfa7d1d665-compressed-1024x1024.jpg 1024w, https:\/\/cameraquaytrom.net\/wp-content\/uploads\/2021\/07\/z2456496464206_da171da8a69835cbe448d2bfa7d1d665-compressed-150x150.jpg 150w, https:\/\/cameraquaytrom.net\/wp-content\/uploads\/2021\/07\/z2456496464206_da171da8a69835cbe448d2bfa7d1d665-compressed-768x768.jpg 768w, https:\/\/cameraquaytrom.net\/wp-content\/uploads\/2021\/07\/z2456496464206_da171da8a69835cbe448d2bfa7d1d665-compressed-1536x1536.jpg 1536w, https:\/\/cameraquaytrom.net\/wp-content\/uploads\/2021\/07\/z2456496464206_da171da8a69835cbe448d2bfa7d1d665-compressed-2048x2048.jpg 2048w, https:\/\/cameraquaytrom.net\/wp-content\/uploads\/2021\/07\/z2456496464206_da171da8a69835cbe448d2bfa7d1d665-compressed-600x600.jpg 600w, https:\/\/cameraquaytrom.net\/wp-content\/uploads\/2021\/07\/z2456496464206_da171da8a69835cbe448d2bfa7d1d665-compressed-100x100.jpg 100w\" sizes=\"(max-width: 300px) 100vw, 300px\" \/><\/p>\n<p><img loading=\"lazy\" decoding=\"async\" class=\"size-medium wp-image-1609 aligncenter\" src=\"https:\/\/cameraquaytrom.net\/wp-content\/uploads\/2021\/07\/z2456496303870_92b98d66dccd24c31fa2ab48982460ce-compressed-scaled-1620011359926-300x300.jpg\" alt=\"\" width=\"300\" height=\"300\" srcset=\"https:\/\/cameraquaytrom.net\/wp-content\/uploads\/2021\/07\/z2456496303870_92b98d66dccd24c31fa2ab48982460ce-compressed-scaled-1620011359926-300x300.jpg 300w, https:\/\/cameraquaytrom.net\/wp-content\/uploads\/2021\/07\/z2456496303870_92b98d66dccd24c31fa2ab48982460ce-compressed-scaled-1620011359926-1024x1024.jpg 1024w, https:\/\/cameraquaytrom.net\/wp-content\/uploads\/2021\/07\/z2456496303870_92b98d66dccd24c31fa2ab48982460ce-compressed-scaled-1620011359926-150x150.jpg 150w, https:\/\/cameraquaytrom.net\/wp-content\/uploads\/2021\/07\/z2456496303870_92b98d66dccd24c31fa2ab48982460ce-compressed-scaled-1620011359926-768x768.jpg 768w, https:\/\/cameraquaytrom.net\/wp-content\/uploads\/2021\/07\/z2456496303870_92b98d66dccd24c31fa2ab48982460ce-compressed-scaled-1620011359926-1536x1536.jpg 1536w, https:\/\/cameraquaytrom.net\/wp-content\/uploads\/2021\/07\/z2456496303870_92b98d66dccd24c31fa2ab48982460ce-compressed-scaled-1620011359926-2048x2048.jpg 2048w, https:\/\/cameraquaytrom.net\/wp-content\/uploads\/2021\/07\/z2456496303870_92b98d66dccd24c31fa2ab48982460ce-compressed-scaled-1620011359926-600x600.jpg 600w, https:\/\/cameraquaytrom.net\/wp-content\/uploads\/2021\/07\/z2456496303870_92b98d66dccd24c31fa2ab48982460ce-compressed-scaled-1620011359926-100x100.jpg 100w\" sizes=\"(max-width: 300px) 100vw, 300px\" \/><\/p>\n<p><img loading=\"lazy\" decoding=\"async\" class=\"size-medium wp-image-1612 aligncenter\" src=\"https:\/\/cameraquaytrom.net\/wp-content\/uploads\/2021\/07\/z2456496524851_6b85317575d6d0c3c73d488aa9db9792-compressed-scaled-1620011381476-300x300.jpg\" alt=\"\" width=\"300\" height=\"300\" srcset=\"https:\/\/cameraquaytrom.net\/wp-content\/uploads\/2021\/07\/z2456496524851_6b85317575d6d0c3c73d488aa9db9792-compressed-scaled-1620011381476-300x300.jpg 300w, https:\/\/cameraquaytrom.net\/wp-content\/uploads\/2021\/07\/z2456496524851_6b85317575d6d0c3c73d488aa9db9792-compressed-scaled-1620011381476-1024x1024.jpg 1024w, https:\/\/cameraquaytrom.net\/wp-content\/uploads\/2021\/07\/z2456496524851_6b85317575d6d0c3c73d488aa9db9792-compressed-scaled-1620011381476-150x150.jpg 150w, https:\/\/cameraquaytrom.net\/wp-content\/uploads\/2021\/07\/z2456496524851_6b85317575d6d0c3c73d488aa9db9792-compressed-scaled-1620011381476-768x768.jpg 768w, https:\/\/cameraquaytrom.net\/wp-content\/uploads\/2021\/07\/z2456496524851_6b85317575d6d0c3c73d488aa9db9792-compressed-scaled-1620011381476-1536x1536.jpg 1536w, https:\/\/cameraquaytrom.net\/wp-content\/uploads\/2021\/07\/z2456496524851_6b85317575d6d0c3c73d488aa9db9792-compressed-scaled-1620011381476-2048x2048.jpg 2048w, https:\/\/cameraquaytrom.net\/wp-content\/uploads\/2021\/07\/z2456496524851_6b85317575d6d0c3c73d488aa9db9792-compressed-scaled-1620011381476-600x600.jpg 600w, https:\/\/cameraquaytrom.net\/wp-content\/uploads\/2021\/07\/z2456496524851_6b85317575d6d0c3c73d488aa9db9792-compressed-scaled-1620011381476-100x100.jpg 100w\" sizes=\"(max-width: 300px) 100vw, 300px\" \/><\/p>\n<p>\u0110\u1ed3ng h\u1ed3 \u0111\u1ec3 b\u00e0n g\u1eafn camera v\u1eabn l\u00e0 s\u1ef1 l\u1ef1a ch\u1ecdn c\u1ee7a r\u1ea5t nhi\u1ec1u kh\u00e1ch h\u00e0ng. B\u1edfi thi\u1ebft k\u1ebf s\u00e1ng tr\u1ecdng c\u0169ng nh\u01b0 hi\u1ec7n \u0111\u1ea1i n\u00ean \u00edt ai nghi ng\u1edd trong chi\u1ebfc \u0111\u1ed3ng h\u1ed3 c\u00f3 c\u1ea5y ch\u00edp camera si\u00eau nh\u1ecf.<\/p>\n<p>V\u1edbi chi\u1ebfc \u0111\u1ed3ng h\u1ed3 \u0111i\u1ec7n t\u1eed n\u00e0y b\u1ea1n c\u00f3 th\u1ec3 xem gi\u1edd nh\u01b0 b\u00ecnh th\u01b0\u1eddng, \u0111\u1eb7c bi\u1ec7t h\u01a1n n\u1eefa l\u00e0 \u0111\u1ed3ng h\u1ed9 s\u1ebd t\u1ef1 \u0111\u1ed9ng c\u1ea5p nh\u1eadt gi\u1edd theo gi\u1edd qu\u1ed1c t\u1ebf chu\u1ea9n 100%.<\/p>\n<p>\u0110\u1ed3ng camera n\u00e0y c\u0169ng c\u00f3 th\u1ec3 xem \u0111\u01b0\u1ee3c h\u00ecnh \u1ea3nh tr\u1ef1c ti\u1ebfp t\u1eeb xa qua \u0111i\u1ec7n tho\u1ea1i, ch\u1ec9 c\u1ea7n \u0111i\u1ec7n tho\u1ea1i c\u1ee7a b\u1ea1n c\u00f3 k\u1ebft n\u1ed1i 3g 4g ho\u1eb7c wifi th\u00f4i nh\u00e9<\/p>\n<h2><span style=\"text-decoration: underline;\"><em><strong>Video h\u01b0\u1edbng d\u1eabn s\u1eed d\u1ee5ng<\/strong><\/em><\/span><\/h2>\n<p><iframe loading=\"lazy\" title=\"Review Camera Ngu\u1ef5 Trang \u0110\u1ed3ng H\u1ed3 \u0110\u1ec3 B\u00e0n || M\u1eabu \u0111\u1ed3ng h\u1ed3 camera \u0111\u1ec3 b\u00e0n m\u1eabu 2021 s\u1eed d\u1ee5ng App LookCam\" width=\"1020\" height=\"574\" src=\"https:\/\/www.youtube.com\/embed\/TNs2VhjuLmk?feature=oembed\" frameborder=\"0\" allow=\"accelerometer; autoplay; clipboard-write; encrypted-media; gyroscope; picture-in-picture\" allowfullscreen><\/iframe><\/p>\n<div class=\"\" data-block=\"true\" data-editor=\"a2560\" data-offset-key=\"73p1t-0-0\">\n<h3 class=\"_1mf _1mj\" data-offset-key=\"73p1t-0-0\"><b>Li\u00ean h\u1ec7 mua h\u00e0ng<\/b><\/h3>\n<\/div>\n<div class=\"\" data-block=\"true\" data-editor=\"a2560\" data-offset-key=\"chopt-0-0\">\n<div class=\"_1mf _1mj\" data-offset-key=\"chopt-0-0\">\n<div dir=\"auto\"><span class=\"pq6dq46d tbxw36s4 knj5qynh kvgmc6g5 ditlmg2l oygrvhab nvdbi5me sf5mxxl7 gl3lb2sf hhz5lgdu\"><img loading=\"lazy\" decoding=\"async\" src=\"https:\/\/static.xx.fbcdn.net\/images\/emoji.php\/v9\/t22\/1\/16\/260e.png\" alt=\"\u260e\ufe0f\" width=\"16\" height=\"16\" \/><\/span> A H\u1ea3i: 094.226.2345 (zalo) &#8211; T\u01b0 V\u1ea5n 24\/24<\/div>\n<div class=\"o9v6fnle cxmmr5t8 oygrvhab hcukyx3x c1et5uql ii04i59q\">\n<h3 dir=\"auto\"><span class=\"pq6dq46d tbxw36s4 knj5qynh kvgmc6g5 ditlmg2l oygrvhab nvdbi5me sf5mxxl7 gl3lb2sf hhz5lgdu\"><img loading=\"lazy\" decoding=\"async\" src=\"https:\/\/static.xx.fbcdn.net\/images\/emoji.php\/v9\/ta7\/1\/16\/1f3ea.png\" alt=\"\ud83c\udfea\" width=\"16\" height=\"16\" \/><\/span> H\u00e0 N\u1ed9i: s\u1ed1 42 Th\u1ecbnh Li\u1ec7t &#8211; Ho\u00e0ng Mai &#8211; H\u00e0 N\u1ed9i<\/h3>\n<h3 dir=\"auto\"><span class=\"pq6dq46d tbxw36s4 knj5qynh kvgmc6g5 ditlmg2l oygrvhab nvdbi5me sf5mxxl7 gl3lb2sf hhz5lgdu\"><img loading=\"lazy\" decoding=\"async\" src=\"https:\/\/static.xx.fbcdn.net\/images\/emoji.php\/v9\/ta7\/1\/16\/1f3ea.png\" alt=\"\ud83c\udfea\" width=\"16\" height=\"16\" \/><\/span> S\u00e0i G\u00f2n: 558\/66 B\u00ecnh Qu\u1edbi &#8211; Ph\u01b0\u1eddng 28 &#8211; B\u00ecnh Th\u1ea1nh<\/h3>\n<\/div>\n<\/div>\n<\/div>\n","protected":false},"excerpt":{"rendered":"<p>Camera ngu\u1ef5 trang \u0111\u1ed3ng h\u1ed3 \u0111\u00e8n led \u0111\u1ec3 b\u00e0n v\u1eabn l\u00e0 s\u1ef1 l\u1ef1a ch\u1ecdn c\u1ee7a r\u1ea5t nhi\u1ec1u kh\u00e1ch h\u00e0ng. B\u1edfi thi\u1ebft k\u1ebf s\u00e1ng tr\u1ecdng c\u0169ng nh\u01b0 hi\u1ec7n \u0111\u1ea1i n\u00ean \u00edt ai nghi ng\u1edd trong chi\u1ebfc \u0111\u1ed3ng h\u1ed3 c\u00f3 c\u1ea5y ch\u00edp camera si\u00eau nh\u1ecf.<\/p>\n<p>&nbsp;<\/p>\n","protected":false},"featured_media":1609,"comment_status":"open","ping_status":"closed","template":"","meta":[],"product_cat":[30,55],"product_tag":[59,62,57,71,74,60,61,58,68],"class_list":{"0":"post-789","1":"product","2":"type-product","3":"status-publish","4":"has-post-thumbnail","6":"product_cat-thiet-bi-quay-len","7":"product_cat-thiet-bi-quay-len-online","8":"product_tag-camera-giau-kin","9":"product_tag-camera-mini","10":"product_tag-camera-nguy-trang","11":"product_tag-camera-nguy-trang-cuc-ao","12":"product_tag-camera-nguy-trang-cuc-sac","13":"product_tag-camera-quay-len","14":"product_tag-camera-quay-trom","15":"product_tag-camera-sieu-nho","16":"product_tag-camera-xem-tu-xa","18":"first","19":"instock","20":"sale","21":"shipping-taxable","22":"purchasable","23":"product-type-simple"},"_links":{"self":[{"href":"https:\/\/cameraquaytrom.net\/index.php?rest_route=\/wp\/v2\/product\/789"}],"collection":[{"href":"https:\/\/cameraquaytrom.net\/index.php?rest_route=\/wp\/v2\/product"}],"about":[{"href":"https:\/\/cameraquaytrom.net\/index.php?rest_route=\/wp\/v2\/types\/product"}],"replies":[{"embeddable":true,"href":"https:\/\/cameraquaytrom.net\/index.php?rest_route=%2Fwp%2Fv2%2Fcomments&post=789"}],"wp:featuredmedia":[{"embeddable":true,"href":"https:\/\/cameraquaytrom.net\/index.php?rest_route=\/wp\/v2\/media\/1609"}],"wp:attachment":[{"href":"https:\/\/cameraquaytrom.net\/index.php?rest_route=%2Fwp%2Fv2%2Fmedia&parent=789"}],"wp:term":[{"taxonomy":"product_cat","embeddable":true,"href":"https:\/\/cameraquaytrom.net\/index.php?rest_route=%2Fwp%2Fv2%2Fproduct_cat&post=789"},{"taxonomy":"product_tag","embeddable":true,"href":"https:\/\/cameraquaytrom.net\/index.php?rest_route=%2Fwp%2Fv2%2Fproduct_tag&post=789"}],"curies":[{"name":"wp","href":"https:\/\/api.w.org\/{rel}","templated":true}]}}