{"id":808,"date":"2020-04-01T15:17:23","date_gmt":"2020-04-01T15:17:23","guid":{"rendered":"http:\/\/maynghelengiare.com\/?post_type=product&#038;p=808"},"modified":"2021-07-30T03:33:43","modified_gmt":"2021-07-30T03:33:43","slug":"camera-nguy-trang-o-cam-dien","status":"publish","type":"product","link":"https:\/\/cameraquaytrom.net\/?product=camera-nguy-trang-o-cam-dien","title":{"rendered":"Camera Ngu\u1ef5 Trang \u1ed4 C\u1eafm \u0110i\u1ec7n"},"content":{"rendered":"<h1 style=\"text-align: center;\">Camera Ngu\u1ef5 Trang \u1ed4 C\u1eafm \u0110i\u1ec7n<\/h1>\n<p><img loading=\"lazy\" decoding=\"async\" class=\"size-medium wp-image-1739 aligncenter\" src=\"https:\/\/cameraquaytrom.net\/wp-content\/uploads\/2021\/07\/z2469332138888_98f92cfc3825ae8ad91e19ff11330877-compressed-scaled-1536x1536-1-300x300.jpg\" alt=\"\" width=\"300\" height=\"300\" srcset=\"https:\/\/cameraquaytrom.net\/wp-content\/uploads\/2021\/07\/z2469332138888_98f92cfc3825ae8ad91e19ff11330877-compressed-scaled-1536x1536-1-300x300.jpg 300w, https:\/\/cameraquaytrom.net\/wp-content\/uploads\/2021\/07\/z2469332138888_98f92cfc3825ae8ad91e19ff11330877-compressed-scaled-1536x1536-1-1024x1024.jpg 1024w, https:\/\/cameraquaytrom.net\/wp-content\/uploads\/2021\/07\/z2469332138888_98f92cfc3825ae8ad91e19ff11330877-compressed-scaled-1536x1536-1-150x150.jpg 150w, https:\/\/cameraquaytrom.net\/wp-content\/uploads\/2021\/07\/z2469332138888_98f92cfc3825ae8ad91e19ff11330877-compressed-scaled-1536x1536-1-768x768.jpg 768w, https:\/\/cameraquaytrom.net\/wp-content\/uploads\/2021\/07\/z2469332138888_98f92cfc3825ae8ad91e19ff11330877-compressed-scaled-1536x1536-1-600x600.jpg 600w, https:\/\/cameraquaytrom.net\/wp-content\/uploads\/2021\/07\/z2469332138888_98f92cfc3825ae8ad91e19ff11330877-compressed-scaled-1536x1536-1-100x100.jpg 100w, https:\/\/cameraquaytrom.net\/wp-content\/uploads\/2021\/07\/z2469332138888_98f92cfc3825ae8ad91e19ff11330877-compressed-scaled-1536x1536-1.jpg 1536w\" sizes=\"(max-width: 300px) 100vw, 300px\" \/><\/p>\n<p><img loading=\"lazy\" decoding=\"async\" class=\"size-medium wp-image-1737 aligncenter\" src=\"https:\/\/cameraquaytrom.net\/wp-content\/uploads\/2021\/07\/z2469332039632_cfea5dd9095f34e769265f058d4d05af-compressed-scaled-1536x1536-1-300x300.jpg\" alt=\"\" width=\"300\" height=\"300\" srcset=\"https:\/\/cameraquaytrom.net\/wp-content\/uploads\/2021\/07\/z2469332039632_cfea5dd9095f34e769265f058d4d05af-compressed-scaled-1536x1536-1-300x300.jpg 300w, https:\/\/cameraquaytrom.net\/wp-content\/uploads\/2021\/07\/z2469332039632_cfea5dd9095f34e769265f058d4d05af-compressed-scaled-1536x1536-1-1024x1024.jpg 1024w, https:\/\/cameraquaytrom.net\/wp-content\/uploads\/2021\/07\/z2469332039632_cfea5dd9095f34e769265f058d4d05af-compressed-scaled-1536x1536-1-150x150.jpg 150w, https:\/\/cameraquaytrom.net\/wp-content\/uploads\/2021\/07\/z2469332039632_cfea5dd9095f34e769265f058d4d05af-compressed-scaled-1536x1536-1-768x768.jpg 768w, https:\/\/cameraquaytrom.net\/wp-content\/uploads\/2021\/07\/z2469332039632_cfea5dd9095f34e769265f058d4d05af-compressed-scaled-1536x1536-1-600x600.jpg 600w, https:\/\/cameraquaytrom.net\/wp-content\/uploads\/2021\/07\/z2469332039632_cfea5dd9095f34e769265f058d4d05af-compressed-scaled-1536x1536-1-100x100.jpg 100w, https:\/\/cameraquaytrom.net\/wp-content\/uploads\/2021\/07\/z2469332039632_cfea5dd9095f34e769265f058d4d05af-compressed-scaled-1536x1536-1.jpg 1536w\" sizes=\"(max-width: 300px) 100vw, 300px\" \/><\/p>\n<p>&nbsp;<\/p>\n<p><strong>Camera ng\u1ee5y trang \u1ed5 c\u1eafm \u0111i\u1ec7n<\/strong>\u00a0ho\u00e0n to\u00e0n b\u00ed m\u1eadt\u00a0\u0111\u01b0\u1ee3c trang b\u1ecb t\u00ednh n\u0103ng quay Camera cho ph\u00e9p b\u1ea1n quay phim v\u1edbi ch\u1ea5t l\u01b0\u1ee3ng c\u1ef1c n\u00e9t v\u1edbi \u0111\u1ed9 ph\u00e2n gi\u1ea3i l\u00ean \u0111\u1ebfn 3.0 Mega pixel.<\/p>\n<p>Thi\u1ebft b\u1ecb n\u00e0y \u0111\u01b0\u1ee3c s\u1eed d\u1ee5ng nh\u01b0 l\u00e0 m\u1ed9t thi\u1ebft b\u1ecb gi\u00e1m s\u00e1t, thi\u1ebft b\u1ecb an ninh, tr\u00f4ng coi c\u1eeda h\u00e0ng ho\u00e0n to\u00e0n b\u00ed m\u1eadt.<\/p>\n<p>&nbsp;<\/p>\n<p><strong>Th\u00f4ng s\u1ed1 k\u1ef9 thu\u1eadt c\u1ee7a\u00a0\u1ed4 C\u1eafm \u0110i\u1ec7n Camera:\u00a0<\/strong><\/p>\n<p>&#8211; Ch\u1ee9c n\u0103ng: Quay video, ghi \u00e2m, \u1ed5 c\u1eafm \u0111i\u1ec7n<\/p>\n<p>&#8211; Chuy\u1ec3n \u0111\u1ed9ng k\u00edch ho\u1ea1t ch\u1ee9c n\u0103ng t\u1ef1 \u0111\u1ed9ng quay video Voice-k\u00edch ho\u1ea1t ch\u1ee9c n\u0103ng t\u1ef1 \u0111\u1ed9ng quay video webcam ch\u1ee9c n\u0103ng MicroSD (TF) card socket:<\/p>\n<p>&#8211; H\u1ed7 tr\u1ee3 th\u1ebb nh\u1edb: l\u00ean \u0111\u1ebfn 32G th\u1ebb microSD (TF) (kh\u00f4ng bao g\u1ed3m) USB giao di\u1ec7n: USB 1.1 Ngu\u1ed3n: Internal Li-ion Built-in MIC:<\/p>\n<p>&#8211; C\u00f3 \u0110\u1ecbnh d\u1ea1ng video: AVI File video \u0111\u1ed9 ph\u00e2n gi\u1ea3i: 1280 x 720<\/p>\n<p>&#8211; Khung h\u00ecnh video 30 khung h\u00ecnh<\/p>\n<p>&#8211; G\u00f3c quay: 72 \u0111\u1ed9<\/p>\n<p>&#8211; \u00c1nh s\u00e1ng t\u1ed1i thi\u1ec3u: 1 LUX<\/p>\n<p>&#8211; Ngu\u1ed3n cung c\u1ea5p: Built-in Li-pin (N\u1ea1p \u0111i\u1ec7n b\u1eb1ng c\u00e1p USB)<\/p>\n<p>&#8211; H\u1ec7 \u0111i\u1ec1u h\u00e0nh: Win 2000\/XP\/Vista 32, Win 7, Mac OS Nhi\u1ec7t \u0111\u1ed9 ho\u1ea1t \u0111\u1ed9ng: -10 ~ +60 \u0111\u1ed9 C<\/p>\n<p>&#8211; Ho\u1ea1t \u0111\u1ed9ng \u0110\u1ed9 \u1ea9m: 15 85% RH<\/p>\n<p>&#8211; D\u1eef li\u1ec7u USB\/S\u1ea1c pin K\u00edch th\u01b0\u1edbc: 88x88x10.5mm<\/p>\n<p>&#8211; PIN s\u1eed d\u1ee5ng li\u00ean t\u1ee5c trong 90 ph\u00fat.<\/p>\n<p>&#8211; Tr\u1ecdng l\u01b0\u1ee3ng: 74g<\/p>\n<p><strong>\u1ed4 C\u1eafm \u0110i\u1ec7n Camera<\/strong>\u00a0gi\u00fap b\u1ea1n t\u1ed1i \u01b0u h\u00f3a gi\u1ea3i ph\u00e1p quan s\u00e1t nh\u00e2n vi\u00ean c\u1eeda h\u00e0ng, gi\u00e1m s\u00e1t ti\u1ec7m v\u00e0ng, nh\u00e0 ri\u00eang, v\u0103n ph\u00f2ng\u2026<\/p>\n<p>\u0110\u1eb7c bi\u1ec7t, n\u00f3 s\u1eed d\u1ee5ng th\u1ebb Micro SD l\u00ean t\u1edbi 4 GB gi\u00fap c\u00e1c b\u1ea1n quay xong c\u00f3 th\u1ec3 c\u1eafm tr\u1ef1c ti\u1ebfp v\u00e0o \u0111i\u1ec7n tho\u1ea1i di \u0111\u1ed9ng xem \u0111\u01b0\u1ee3c, kh\u00f4ng c\u1ea7n ph\u1ea3i c\u00f3 laptop.<\/p>\n<div class=\"\" data-block=\"true\" data-editor=\"5n398\" data-offset-key=\"dqdsp-0-0\"><\/div>\n<h2><em><span style=\"text-decoration: underline;\">Video h\u01b0\u1edbng d\u1eabn s\u1eed d\u1ee5ng<\/span><\/em><\/h2>\n<p><iframe loading=\"lazy\" title=\"Camera Ngu\u1ef5 Trang \u1ed4 \u0110i\u1ec7n Xem T\u1eeb Xa || Nh\u1eadn thi\u1ebft k\u1ebf camera ngu\u1ef5 trang theo y\u00eau c\u1ea7u\" width=\"1020\" height=\"574\" src=\"https:\/\/www.youtube.com\/embed\/nZ0f-4u0sz0?start=52&#038;feature=oembed\" frameborder=\"0\" allow=\"accelerometer; autoplay; clipboard-write; encrypted-media; gyroscope; picture-in-picture\" allowfullscreen><\/iframe><\/p>\n<h3>Li\u00ean h\u1ec7 mua h\u00e0ng<\/h3>\n<div dir=\"auto\"><span class=\"pq6dq46d tbxw36s4 knj5qynh kvgmc6g5 ditlmg2l oygrvhab nvdbi5me sf5mxxl7 gl3lb2sf hhz5lgdu\"><img loading=\"lazy\" decoding=\"async\" src=\"https:\/\/static.xx.fbcdn.net\/images\/emoji.php\/v9\/t22\/1\/16\/260e.png\" alt=\"\u260e\ufe0f\" width=\"16\" height=\"16\" \/><\/span> A H\u1ea3i: 094.226.2345 (zalo) &#8211; T\u01b0 V\u1ea5n 24\/24<\/div>\n<div class=\"o9v6fnle cxmmr5t8 oygrvhab hcukyx3x c1et5uql ii04i59q\">\n<h3 dir=\"auto\"><span class=\"pq6dq46d tbxw36s4 knj5qynh kvgmc6g5 ditlmg2l oygrvhab nvdbi5me sf5mxxl7 gl3lb2sf hhz5lgdu\"><img loading=\"lazy\" decoding=\"async\" src=\"https:\/\/static.xx.fbcdn.net\/images\/emoji.php\/v9\/ta7\/1\/16\/1f3ea.png\" alt=\"\ud83c\udfea\" width=\"16\" height=\"16\" \/><\/span> H\u00e0 N\u1ed9i: s\u1ed1 42 Th\u1ecbnh Li\u1ec7t &#8211; Ho\u00e0ng Mai &#8211; H\u00e0 N\u1ed9i<\/h3>\n<h3 dir=\"auto\"><span class=\"pq6dq46d tbxw36s4 knj5qynh kvgmc6g5 ditlmg2l oygrvhab nvdbi5me sf5mxxl7 gl3lb2sf hhz5lgdu\"><img loading=\"lazy\" decoding=\"async\" src=\"https:\/\/static.xx.fbcdn.net\/images\/emoji.php\/v9\/ta7\/1\/16\/1f3ea.png\" alt=\"\ud83c\udfea\" width=\"16\" height=\"16\" \/><\/span> S\u00e0i G\u00f2n: 558\/66 B\u00ecnh Qu\u1edbi &#8211; Ph\u01b0\u1eddng 28 &#8211; B\u00ecnh Th\u1ea1nh<\/h3>\n<\/div>\n","protected":false},"excerpt":{"rendered":"<p><strong>Camera ng\u1ee5y trang \u1ed5 c\u1eafm \u0111i\u1ec7n<\/strong>\u00a0ho\u00e0n to\u00e0n b\u00ed m\u1eadt\u00a0\u0111\u01b0\u1ee3c trang b\u1ecb t\u00ednh n\u0103ng quay Camera cho ph\u00e9p b\u1ea1n quay phim v\u1edbi ch\u1ea5t l\u01b0\u1ee3ng c\u1ef1c n\u00e9t v\u1edbi \u0111\u1ed9 ph\u00e2n gi\u1ea3i l\u00ean \u0111\u1ebfn 3.0 Mega pixel.<\/p>\n<p>&nbsp;<\/p>\n","protected":false},"featured_media":1738,"comment_status":"open","ping_status":"closed","template":"","meta":[],"product_cat":[30,55],"product_tag":[59,62,57,71,74,60,61,58,68],"class_list":{"0":"post-808","1":"product","2":"type-product","3":"status-publish","4":"has-post-thumbnail","6":"product_cat-thiet-bi-quay-len","7":"product_cat-thiet-bi-quay-len-online","8":"product_tag-camera-giau-kin","9":"product_tag-camera-mini","10":"product_tag-camera-nguy-trang","11":"product_tag-camera-nguy-trang-cuc-ao","12":"product_tag-camera-nguy-trang-cuc-sac","13":"product_tag-camera-quay-len","14":"product_tag-camera-quay-trom","15":"product_tag-camera-sieu-nho","16":"product_tag-camera-xem-tu-xa","18":"first","19":"instock","20":"sale","21":"shipping-taxable","22":"purchasable","23":"product-type-simple"},"_links":{"self":[{"href":"https:\/\/cameraquaytrom.net\/index.php?rest_route=\/wp\/v2\/product\/808"}],"collection":[{"href":"https:\/\/cameraquaytrom.net\/index.php?rest_route=\/wp\/v2\/product"}],"about":[{"href":"https:\/\/cameraquaytrom.net\/index.php?rest_route=\/wp\/v2\/types\/product"}],"replies":[{"embeddable":true,"href":"https:\/\/cameraquaytrom.net\/index.php?rest_route=%2Fwp%2Fv2%2Fcomments&post=808"}],"wp:featuredmedia":[{"embeddable":true,"href":"https:\/\/cameraquaytrom.net\/index.php?rest_route=\/wp\/v2\/media\/1738"}],"wp:attachment":[{"href":"https:\/\/cameraquaytrom.net\/index.php?rest_route=%2Fwp%2Fv2%2Fmedia&parent=808"}],"wp:term":[{"taxonomy":"product_cat","embeddable":true,"href":"https:\/\/cameraquaytrom.net\/index.php?rest_route=%2Fwp%2Fv2%2Fproduct_cat&post=808"},{"taxonomy":"product_tag","embeddable":true,"href":"https:\/\/cameraquaytrom.net\/index.php?rest_route=%2Fwp%2Fv2%2Fproduct_tag&post=808"}],"curies":[{"name":"wp","href":"https:\/\/api.w.org\/{rel}","templated":true}]}}