{"id":953,"date":"2021-04-26T12:28:00","date_gmt":"2021-04-26T12:28:00","guid":{"rendered":"http:\/\/cameraquaytrom.net\/?post_type=product&#038;p=953"},"modified":"2021-11-10T03:38:02","modified_gmt":"2021-11-10T03:38:02","slug":"camera-cuc-ao-s20-sieu-nho-khong-day-nho-nhat-moi-thoi-dai","status":"publish","type":"product","link":"https:\/\/cameraquaytrom.net\/?product=camera-cuc-ao-s20-sieu-nho-khong-day-nho-nhat-moi-thoi-dai","title":{"rendered":"Camera C\u00fac \u00c1o S20 Si\u00eau Nh\u1ecf Kh\u00f4ng D\u00e2y Nh\u1ecf Nh\u1ea5t M\u1ecdi Th\u1eddi \u0110\u1ea1i"},"content":{"rendered":"<h1 style=\"text-align: center;\">Camera C\u00fac \u00c1o S20 Si\u00eau Nh\u1ecf Kh\u00f4ng D\u00e2y<\/h1>\n<h1 style=\"text-align: center;\">Nh\u1ecf Nh\u1ea5t M\u1ecdi Th\u1eddi \u0110\u1ea1i<\/h1>\n<p><img loading=\"lazy\" decoding=\"async\" class=\"size-medium wp-image-1548 aligncenter\" src=\"https:\/\/cameraquaytrom.net\/wp-content\/uploads\/2021\/07\/z2455871435205_a905f491f0ddfed7a64f8d44cb1760ed-compressed-300x300.jpg\" alt=\"\" width=\"300\" height=\"300\" srcset=\"https:\/\/cameraquaytrom.net\/wp-content\/uploads\/2021\/07\/z2455871435205_a905f491f0ddfed7a64f8d44cb1760ed-compressed-300x300.jpg 300w, https:\/\/cameraquaytrom.net\/wp-content\/uploads\/2021\/07\/z2455871435205_a905f491f0ddfed7a64f8d44cb1760ed-compressed-1024x1024.jpg 1024w, https:\/\/cameraquaytrom.net\/wp-content\/uploads\/2021\/07\/z2455871435205_a905f491f0ddfed7a64f8d44cb1760ed-compressed-150x150.jpg 150w, https:\/\/cameraquaytrom.net\/wp-content\/uploads\/2021\/07\/z2455871435205_a905f491f0ddfed7a64f8d44cb1760ed-compressed-768x768.jpg 768w, https:\/\/cameraquaytrom.net\/wp-content\/uploads\/2021\/07\/z2455871435205_a905f491f0ddfed7a64f8d44cb1760ed-compressed-1536x1536.jpg 1536w, https:\/\/cameraquaytrom.net\/wp-content\/uploads\/2021\/07\/z2455871435205_a905f491f0ddfed7a64f8d44cb1760ed-compressed-2048x2048.jpg 2048w, https:\/\/cameraquaytrom.net\/wp-content\/uploads\/2021\/07\/z2455871435205_a905f491f0ddfed7a64f8d44cb1760ed-compressed-600x600.jpg 600w, https:\/\/cameraquaytrom.net\/wp-content\/uploads\/2021\/07\/z2455871435205_a905f491f0ddfed7a64f8d44cb1760ed-compressed-100x100.jpg 100w\" sizes=\"(max-width: 300px) 100vw, 300px\" \/><\/p>\n<p><img loading=\"lazy\" decoding=\"async\" class=\"size-medium wp-image-1549 aligncenter\" src=\"https:\/\/cameraquaytrom.net\/wp-content\/uploads\/2021\/07\/z2455871439730_dbaf9b70c20460ae37e4a9bf6467589d-compressed-300x300.jpg\" alt=\"\" width=\"300\" height=\"300\" srcset=\"https:\/\/cameraquaytrom.net\/wp-content\/uploads\/2021\/07\/z2455871439730_dbaf9b70c20460ae37e4a9bf6467589d-compressed-300x300.jpg 300w, https:\/\/cameraquaytrom.net\/wp-content\/uploads\/2021\/07\/z2455871439730_dbaf9b70c20460ae37e4a9bf6467589d-compressed-1024x1024.jpg 1024w, https:\/\/cameraquaytrom.net\/wp-content\/uploads\/2021\/07\/z2455871439730_dbaf9b70c20460ae37e4a9bf6467589d-compressed-150x150.jpg 150w, https:\/\/cameraquaytrom.net\/wp-content\/uploads\/2021\/07\/z2455871439730_dbaf9b70c20460ae37e4a9bf6467589d-compressed-768x768.jpg 768w, https:\/\/cameraquaytrom.net\/wp-content\/uploads\/2021\/07\/z2455871439730_dbaf9b70c20460ae37e4a9bf6467589d-compressed-1536x1536.jpg 1536w, https:\/\/cameraquaytrom.net\/wp-content\/uploads\/2021\/07\/z2455871439730_dbaf9b70c20460ae37e4a9bf6467589d-compressed-2048x2048.jpg 2048w, https:\/\/cameraquaytrom.net\/wp-content\/uploads\/2021\/07\/z2455871439730_dbaf9b70c20460ae37e4a9bf6467589d-compressed-600x600.jpg 600w, https:\/\/cameraquaytrom.net\/wp-content\/uploads\/2021\/07\/z2455871439730_dbaf9b70c20460ae37e4a9bf6467589d-compressed-100x100.jpg 100w\" sizes=\"(max-width: 300px) 100vw, 300px\" \/><\/p>\n<p><img loading=\"lazy\" decoding=\"async\" class=\"size-medium wp-image-1550 aligncenter\" src=\"https:\/\/cameraquaytrom.net\/wp-content\/uploads\/2021\/07\/z2455871496280_c86d948da74410cdc259846cc1322e36-compressed-300x300.jpg\" alt=\"\" width=\"300\" height=\"300\" srcset=\"https:\/\/cameraquaytrom.net\/wp-content\/uploads\/2021\/07\/z2455871496280_c86d948da74410cdc259846cc1322e36-compressed-300x300.jpg 300w, https:\/\/cameraquaytrom.net\/wp-content\/uploads\/2021\/07\/z2455871496280_c86d948da74410cdc259846cc1322e36-compressed-1024x1024.jpg 1024w, https:\/\/cameraquaytrom.net\/wp-content\/uploads\/2021\/07\/z2455871496280_c86d948da74410cdc259846cc1322e36-compressed-150x150.jpg 150w, https:\/\/cameraquaytrom.net\/wp-content\/uploads\/2021\/07\/z2455871496280_c86d948da74410cdc259846cc1322e36-compressed-768x768.jpg 768w, https:\/\/cameraquaytrom.net\/wp-content\/uploads\/2021\/07\/z2455871496280_c86d948da74410cdc259846cc1322e36-compressed-1536x1536.jpg 1536w, https:\/\/cameraquaytrom.net\/wp-content\/uploads\/2021\/07\/z2455871496280_c86d948da74410cdc259846cc1322e36-compressed-2048x2048.jpg 2048w, https:\/\/cameraquaytrom.net\/wp-content\/uploads\/2021\/07\/z2455871496280_c86d948da74410cdc259846cc1322e36-compressed-600x600.jpg 600w, https:\/\/cameraquaytrom.net\/wp-content\/uploads\/2021\/07\/z2455871496280_c86d948da74410cdc259846cc1322e36-compressed-100x100.jpg 100w\" sizes=\"(max-width: 300px) 100vw, 300px\" \/><\/p>\n<p><img loading=\"lazy\" decoding=\"async\" class=\"size-medium wp-image-1551 aligncenter\" src=\"https:\/\/cameraquaytrom.net\/wp-content\/uploads\/2021\/07\/z2455871523969_4ca95c2d03caf0426b5b1bc72b42a505-compressed-300x300.jpg\" alt=\"\" width=\"300\" height=\"300\" srcset=\"https:\/\/cameraquaytrom.net\/wp-content\/uploads\/2021\/07\/z2455871523969_4ca95c2d03caf0426b5b1bc72b42a505-compressed-300x300.jpg 300w, https:\/\/cameraquaytrom.net\/wp-content\/uploads\/2021\/07\/z2455871523969_4ca95c2d03caf0426b5b1bc72b42a505-compressed-1024x1024.jpg 1024w, https:\/\/cameraquaytrom.net\/wp-content\/uploads\/2021\/07\/z2455871523969_4ca95c2d03caf0426b5b1bc72b42a505-compressed-150x150.jpg 150w, https:\/\/cameraquaytrom.net\/wp-content\/uploads\/2021\/07\/z2455871523969_4ca95c2d03caf0426b5b1bc72b42a505-compressed-768x768.jpg 768w, https:\/\/cameraquaytrom.net\/wp-content\/uploads\/2021\/07\/z2455871523969_4ca95c2d03caf0426b5b1bc72b42a505-compressed-1536x1536.jpg 1536w, https:\/\/cameraquaytrom.net\/wp-content\/uploads\/2021\/07\/z2455871523969_4ca95c2d03caf0426b5b1bc72b42a505-compressed-2048x2048.jpg 2048w, https:\/\/cameraquaytrom.net\/wp-content\/uploads\/2021\/07\/z2455871523969_4ca95c2d03caf0426b5b1bc72b42a505-compressed-600x600.jpg 600w, https:\/\/cameraquaytrom.net\/wp-content\/uploads\/2021\/07\/z2455871523969_4ca95c2d03caf0426b5b1bc72b42a505-compressed-100x100.jpg 100w\" sizes=\"(max-width: 300px) 100vw, 300px\" \/><\/p>\n<p>&#8211; Camera c\u00fac \u00e1o S20 k\u00edch th\u01b0\u1edbc si\u00eau si\u00eau nh\u1ecf<\/p>\n<p>&#8211; H\u00ecnh \u1ea3nh quay \u0111\u01b0\u1ee3c l\u01b0u tr\u1ef1c ti\u1ebf v\u00e0o th\u1ebb nh\u1edb, kh\u00f4ng k\u1ebft n\u1ed1i wifi xem t\u1eeb xa<\/p>\n<p>&#8211; Ch\u1ea5t l\u01b0\u1ee3ng h\u00ecnh \u1ea3nh HD1080P<\/p>\n<p>&#8211; Thu c\u1ea3 h\u00ecnh c\u1ea3 ti\u1ebfng r\u00f5 n\u00e9t<\/p>\n<p>&#8211; Camera c\u00f3 3 ch\u1ebf \u0111\u1ed9: Quay phim, ghi \u00e2m v\u00e0 ch\u1ee5p \u1ea3nh<\/p>\n<p>&#8211; N\u00ean s\u1eed d\u1ee5ng th\u1ebb nh\u1edb 32G tr\u1edf l\u1ea1i \u0111\u1ec3 camera c\u00f3 th\u1ec3 hoat \u0111\u1ed9ng \u0111\u01b0\u1ee3c \u1ed5n \u0111\u1ecbnh nh\u1ea5t<\/p>\n<p>&#8211; K\u00edch th\u01b0\u1edbc nh\u1ecf, d\u1ec5 s\u1eed d\u1ee5ng, \u0111em \u0111\u1ebfn hi\u1ec7u qu\u1ea3 cao cho ng\u01b0\u1eddi s\u1eed d\u1ee5ng thi\u1ebft b\u1ecb camera si\u00eau nh\u1ecf S20<\/p>\n<p>&#8211; \u00c1p d\u1ee5ng \u0111\u01b0\u1ee3c v\u00e0 th\u1ef1c t\u1ebf gi\u00fa m\u00ecnh c\u00f3 th\u1ec3 d\u1ec5 d\u00e0ng thu l\u1ea1i h\u00ecnh \u1ea3nh \u00e2m thanh l\u00e0m b\u1eb1ng ch\u1ee9ng, ch\u1ee9ng minh l\u1eddi n\u00f3i c\u1ee7a m\u00ecnh c\u0169ng nh\u01b0 ph\u1ee5c v\u1ee5 \u0111\u01b0\u1ee3c nhu c\u1ea7u m\u1ee5c \u0111\u00edch s\u1eed d\u1ee5ng c\u1ee7a ng\u01b0\u1eddi d\u00f9ng<\/p>\n<h2><em><span style=\"text-decoration: underline;\">Video h\u01b0\u1edbng d\u1eabn s\u1eed d\u1ee5ng<\/span><\/em><\/h2>\n<p><iframe loading=\"lazy\" title=\"Review Camera C\u00fac \u00c1o S20 || Camera c\u00fac \u00e1o si\u00eau nh\u1ecf b\u1eb1ng \u0111\u1ea7u ng\u00f3n tay c\u00e1i kh\u00f4ng d\u00e2y\" width=\"1020\" height=\"574\" src=\"https:\/\/www.youtube.com\/embed\/93WtVNJQ_0c?feature=oembed\" frameborder=\"0\" allow=\"accelerometer; autoplay; clipboard-write; encrypted-media; gyroscope; picture-in-picture\" allowfullscreen><\/iframe><\/p>\n<h3>Li\u00ean h\u1ec7 mua h\u00e0ng<\/h3>\n<div dir=\"auto\"><span class=\"pq6dq46d tbxw36s4 knj5qynh kvgmc6g5 ditlmg2l oygrvhab nvdbi5me sf5mxxl7 gl3lb2sf hhz5lgdu\"><img loading=\"lazy\" decoding=\"async\" src=\"https:\/\/static.xx.fbcdn.net\/images\/emoji.php\/v9\/t22\/1\/16\/260e.png\" alt=\"\u260e\ufe0f\" width=\"16\" height=\"16\" \/><\/span> A H\u1ea3i: 094.226.2345 (zalo) &#8211; T\u01b0 V\u1ea5n 24\/24<\/div>\n<div class=\"o9v6fnle cxmmr5t8 oygrvhab hcukyx3x c1et5uql ii04i59q\">\n<h3 dir=\"auto\"><span class=\"pq6dq46d tbxw36s4 knj5qynh kvgmc6g5 ditlmg2l oygrvhab nvdbi5me sf5mxxl7 gl3lb2sf hhz5lgdu\"><img loading=\"lazy\" decoding=\"async\" src=\"https:\/\/static.xx.fbcdn.net\/images\/emoji.php\/v9\/ta7\/1\/16\/1f3ea.png\" alt=\"\ud83c\udfea\" width=\"16\" height=\"16\" \/><\/span> H\u00e0 N\u1ed9i: s\u1ed1 42 Th\u1ecbnh Li\u1ec7t &#8211; Ho\u00e0ng Mai &#8211; H\u00e0 N\u1ed9i<\/h3>\n<h3 dir=\"auto\"><span class=\"pq6dq46d tbxw36s4 knj5qynh kvgmc6g5 ditlmg2l oygrvhab nvdbi5me sf5mxxl7 gl3lb2sf hhz5lgdu\"><img loading=\"lazy\" decoding=\"async\" src=\"https:\/\/static.xx.fbcdn.net\/images\/emoji.php\/v9\/ta7\/1\/16\/1f3ea.png\" alt=\"\ud83c\udfea\" width=\"16\" height=\"16\" \/><\/span> S\u00e0i G\u00f2n: 558\/66 B\u00ecnh Qu\u1edbi &#8211; Ph\u01b0\u1eddng 28 &#8211; B\u00ecnh Th\u1ea1nh<\/h3>\n<\/div>\n","protected":false},"excerpt":{"rendered":"<p>Camera si\u00eau nh\u1ecf s20 l\u00e0 d\u00f2ng camera quay offline h\u00ecnh \u1ea3nh l\u01b0u tr\u1ef1c ti\u1ebfp v\u00e0o th\u1ebb nh\u1edb v\u00e0 m\u00ecnh xem l\u1ea1i. Camera si\u00eau nh\u1ecf thi\u1ebft k\u1ebf kh\u00f4ng d\u00e2y gi\u00fap b\u1ea1n c\u00f3 th\u1ec3 gi\u1ea5u k\u00edn quay c\u1ef1c k\u1ef3 k\u00edn \u0111\u00e1o m\u00e0 kh\u00f4ng ai c\u00f3 th\u1ec3 ph\u00e1t hi\u1ec7n ra \u0111\u01b0\u1ee3c<\/p>\n","protected":false},"featured_media":1547,"comment_status":"open","ping_status":"closed","template":"","meta":[],"product_cat":[30,56],"product_tag":[89,72,59,62,57,71,60,61,58,68],"class_list":{"0":"post-953","1":"product","2":"type-product","3":"status-publish","4":"has-post-thumbnail","6":"product_cat-thiet-bi-quay-len","7":"product_cat-thiet-bi-quay-len-offline","8":"product_tag-camera-cuc-ao-s20","9":"product_tag-camera-cuc-ao-s63","10":"product_tag-camera-giau-kin","11":"product_tag-camera-mini","12":"product_tag-camera-nguy-trang","13":"product_tag-camera-nguy-trang-cuc-ao","14":"product_tag-camera-quay-len","15":"product_tag-camera-quay-trom","16":"product_tag-camera-sieu-nho","17":"product_tag-camera-xem-tu-xa","19":"first","20":"instock","21":"sale","22":"shipping-taxable","23":"purchasable","24":"product-type-simple"},"_links":{"self":[{"href":"https:\/\/cameraquaytrom.net\/index.php?rest_route=\/wp\/v2\/product\/953"}],"collection":[{"href":"https:\/\/cameraquaytrom.net\/index.php?rest_route=\/wp\/v2\/product"}],"about":[{"href":"https:\/\/cameraquaytrom.net\/index.php?rest_route=\/wp\/v2\/types\/product"}],"replies":[{"embeddable":true,"href":"https:\/\/cameraquaytrom.net\/index.php?rest_route=%2Fwp%2Fv2%2Fcomments&post=953"}],"wp:featuredmedia":[{"embeddable":true,"href":"https:\/\/cameraquaytrom.net\/index.php?rest_route=\/wp\/v2\/media\/1547"}],"wp:attachment":[{"href":"https:\/\/cameraquaytrom.net\/index.php?rest_route=%2Fwp%2Fv2%2Fmedia&parent=953"}],"wp:term":[{"taxonomy":"product_cat","embeddable":true,"href":"https:\/\/cameraquaytrom.net\/index.php?rest_route=%2Fwp%2Fv2%2Fproduct_cat&post=953"},{"taxonomy":"product_tag","embeddable":true,"href":"https:\/\/cameraquaytrom.net\/index.php?rest_route=%2Fwp%2Fv2%2Fproduct_tag&post=953"}],"curies":[{"name":"wp","href":"https:\/\/api.w.org\/{rel}","templated":true}]}}