{"id":974,"date":"2021-04-26T15:30:40","date_gmt":"2021-04-26T15:30:40","guid":{"rendered":"http:\/\/cameraquaytrom.net\/?post_type=product&#038;p=974"},"modified":"2021-11-10T03:37:26","modified_gmt":"2021-11-10T03:37:26","slug":"camera-cuc-ao-v188-full-hd-wifi-4g-xem-tu-xa","status":"publish","type":"product","link":"https:\/\/cameraquaytrom.net\/?product=camera-cuc-ao-v188-full-hd-wifi-4g-xem-tu-xa","title":{"rendered":"Camera C\u00fac \u00c1o V188 Full HD WiFi 4G Xem T\u1eeb Xa"},"content":{"rendered":"<h1 class=\"title style-scope ytd-video-primary-info-renderer\" style=\"text-align: center;\">Camera C\u00fac \u00c1o V188 Full HD WiFi 4G Xem T\u1eeb Xa<\/h1>\n<p><img loading=\"lazy\" decoding=\"async\" class=\"size-medium wp-image-1563 aligncenter\" src=\"https:\/\/cameraquaytrom.net\/wp-content\/uploads\/2021\/07\/z2456484686264_bd6cf5f3a9f27c3d4d5030abb2b5d604-compressed-scaled-1619450674955-300x300.jpg\" alt=\"\" width=\"300\" height=\"300\" srcset=\"https:\/\/cameraquaytrom.net\/wp-content\/uploads\/2021\/07\/z2456484686264_bd6cf5f3a9f27c3d4d5030abb2b5d604-compressed-scaled-1619450674955-300x300.jpg 300w, https:\/\/cameraquaytrom.net\/wp-content\/uploads\/2021\/07\/z2456484686264_bd6cf5f3a9f27c3d4d5030abb2b5d604-compressed-scaled-1619450674955-1024x1024.jpg 1024w, https:\/\/cameraquaytrom.net\/wp-content\/uploads\/2021\/07\/z2456484686264_bd6cf5f3a9f27c3d4d5030abb2b5d604-compressed-scaled-1619450674955-150x150.jpg 150w, https:\/\/cameraquaytrom.net\/wp-content\/uploads\/2021\/07\/z2456484686264_bd6cf5f3a9f27c3d4d5030abb2b5d604-compressed-scaled-1619450674955-768x768.jpg 768w, https:\/\/cameraquaytrom.net\/wp-content\/uploads\/2021\/07\/z2456484686264_bd6cf5f3a9f27c3d4d5030abb2b5d604-compressed-scaled-1619450674955-1536x1536.jpg 1536w, https:\/\/cameraquaytrom.net\/wp-content\/uploads\/2021\/07\/z2456484686264_bd6cf5f3a9f27c3d4d5030abb2b5d604-compressed-scaled-1619450674955-2048x2048.jpg 2048w, https:\/\/cameraquaytrom.net\/wp-content\/uploads\/2021\/07\/z2456484686264_bd6cf5f3a9f27c3d4d5030abb2b5d604-compressed-scaled-1619450674955-600x600.jpg 600w, https:\/\/cameraquaytrom.net\/wp-content\/uploads\/2021\/07\/z2456484686264_bd6cf5f3a9f27c3d4d5030abb2b5d604-compressed-scaled-1619450674955-100x100.jpg 100w\" sizes=\"(max-width: 300px) 100vw, 300px\" \/><\/p>\n<p><img loading=\"lazy\" decoding=\"async\" class=\"size-medium wp-image-1561 aligncenter\" src=\"https:\/\/cameraquaytrom.net\/wp-content\/uploads\/2021\/07\/z2456484574733_b5569070588835e7c8211a6bd5a726bc-compressed-scaled-1619450682988-300x300.jpg\" alt=\"\" width=\"300\" height=\"300\" srcset=\"https:\/\/cameraquaytrom.net\/wp-content\/uploads\/2021\/07\/z2456484574733_b5569070588835e7c8211a6bd5a726bc-compressed-scaled-1619450682988-300x300.jpg 300w, https:\/\/cameraquaytrom.net\/wp-content\/uploads\/2021\/07\/z2456484574733_b5569070588835e7c8211a6bd5a726bc-compressed-scaled-1619450682988-1024x1024.jpg 1024w, https:\/\/cameraquaytrom.net\/wp-content\/uploads\/2021\/07\/z2456484574733_b5569070588835e7c8211a6bd5a726bc-compressed-scaled-1619450682988-150x150.jpg 150w, https:\/\/cameraquaytrom.net\/wp-content\/uploads\/2021\/07\/z2456484574733_b5569070588835e7c8211a6bd5a726bc-compressed-scaled-1619450682988-768x768.jpg 768w, https:\/\/cameraquaytrom.net\/wp-content\/uploads\/2021\/07\/z2456484574733_b5569070588835e7c8211a6bd5a726bc-compressed-scaled-1619450682988-1536x1536.jpg 1536w, https:\/\/cameraquaytrom.net\/wp-content\/uploads\/2021\/07\/z2456484574733_b5569070588835e7c8211a6bd5a726bc-compressed-scaled-1619450682988-2048x2048.jpg 2048w, https:\/\/cameraquaytrom.net\/wp-content\/uploads\/2021\/07\/z2456484574733_b5569070588835e7c8211a6bd5a726bc-compressed-scaled-1619450682988-600x600.jpg 600w, https:\/\/cameraquaytrom.net\/wp-content\/uploads\/2021\/07\/z2456484574733_b5569070588835e7c8211a6bd5a726bc-compressed-scaled-1619450682988-100x100.jpg 100w\" sizes=\"(max-width: 300px) 100vw, 300px\" \/><\/p>\n<p><img loading=\"lazy\" decoding=\"async\" class=\"size-medium wp-image-1560 aligncenter\" src=\"https:\/\/cameraquaytrom.net\/wp-content\/uploads\/2021\/07\/z2456484107669_85ec043375ddb8ef900811fea309fac1-compressed-600x600-1619450701875-300x300.jpg\" alt=\"\" width=\"300\" height=\"300\" srcset=\"https:\/\/cameraquaytrom.net\/wp-content\/uploads\/2021\/07\/z2456484107669_85ec043375ddb8ef900811fea309fac1-compressed-600x600-1619450701875-300x300.jpg 300w, https:\/\/cameraquaytrom.net\/wp-content\/uploads\/2021\/07\/z2456484107669_85ec043375ddb8ef900811fea309fac1-compressed-600x600-1619450701875-150x150.jpg 150w, https:\/\/cameraquaytrom.net\/wp-content\/uploads\/2021\/07\/z2456484107669_85ec043375ddb8ef900811fea309fac1-compressed-600x600-1619450701875-100x100.jpg 100w, https:\/\/cameraquaytrom.net\/wp-content\/uploads\/2021\/07\/z2456484107669_85ec043375ddb8ef900811fea309fac1-compressed-600x600-1619450701875.jpg 600w\" sizes=\"(max-width: 300px) 100vw, 300px\" \/><\/p>\n<p>Camera c\u00fac \u00e1o V188 c\u00f3 th\u1ec3 ngu\u1ef5 trang k\u00edn \u0111\u00e1o \u0111\u1ec3 s\u1eed d\u1ee5ng v\u00e0o m\u1ee5c \u0111\u00edch c\u00e1 nh\u00e2n c\u1ee7a m\u00ecnh, th\u00ec b\u1ea1n h\u00e3y tham kh\u1ea3o ngay chi\u1ebfc camera quay l\u00e9n ngu\u1ef5 trang c\u00fac \u00e1o v188 n\u00e0y nh\u00e9, \u0111\u1ea3m b\u1ea3o s\u1ea3n ph\u1ea9m s\u1ebd c\u00f3 th\u1ec3 h\u1ed7 tr\u1ee3 b\u1ea1n trong r\u1ea5t nhi\u1ec1u c\u00f4ng vi\u1ec7c m\u00e0 b\u1ea1n \u0111ang c\u1ea7n t\u00ecm ki\u1ebfm \u0111\u1ed1i v\u1edbi c\u00e1c s\u1ea3n ph\u1ea9m camera quay l\u00e9n v\u00e0 ngu\u1ef5 trang<\/p>\n<p>T\u00ednh n\u0103ng ch\u00ednh c\u1ee7a camera quay l\u00e9n v188 ngu\u1ef5 trang c\u00fac \u00e1o:<\/p>\n<p>&#8211; M\u1eaft camera si\u00eau nh\u1ecf, ngu\u1ef5 trang c\u00fac \u00e1o c\u1ef1c k\u1ef3 k\u00edn \u0111\u00e1o<\/p>\n<p>&#8211; H\u00ecnh \u1ea3nh camera si\u00eau n\u00e9t, Full HD4K<\/p>\n<p>&#8211; Thu h\u00ecnh \u1ea3nh k\u00e8m lu\u00f4n \u00e2m thanh r\u00f5 n\u00e9t \u0111\u1ec3 xem l\u1ea1i<\/p>\n<p>&#8211; K\u1ebft n\u1ed1i wifi xem tr\u1ef1c ti\u1ebfp t\u1eeb xa ch\u1ec9 c\u1ea7n \u0111i\u1ec7n tho\u1ea1i c\u1ee7a b\u1ea1n c\u00f3 3G ho\u1eb7c 4G<\/p>\n<p>&#8211; M\u1ecdi h\u00ecnh \u1ea3nh khi b\u1eadt camera l\u00ean \u0111\u1ec1u l\u01b0u lai h\u1ebft v\u00e0o th\u1ebb nh\u1edb ( k\u1ec3 c\u1ea3 khi b\u1ea1n kh\u00f4ng b\u1ecf \u0111i\u1ec7n tho\u1ea1i ra xem)<\/p>\n<p>&#8211; Pin 4000mah c\u00f3 th\u1ec3 s\u1eed d\u1ee5ng qu\u00e2y li\u00ean t\u1ee5c 12h (c\u00f3 th\u1ec3 c\u1eafm s\u1ea1c pin tr\u1ef1c ti\u1ebfp \u0111\u1ec3 quay 24\/24)<\/p>\n<p>&#8211; B\u1ea3o h\u00e0nh 1 n\u0103m l\u1ed7i 1 \u0111\u1ed5i 1 lu\u00f4n c\u00e1c b\u1ea1n nh\u00e9<\/p>\n<h2><em><span style=\"text-decoration: underline;\">Video h\u01b0\u1edbng d\u1eabn s\u1eed d\u1ee5ng<\/span><\/em><\/h2>\n<p><iframe loading=\"lazy\" title=\"Review Camera Si\u00eau Nh\u1ecf V99-V3 || Camera si\u00eau nh\u1ecf ngu\u1ef5 trang c\u00fac \u00e1o gi\u00e1 r\u1ebb \u0111\u01b0\u1ee3c s\u1eed d\u1ee5ng nhi\u1ec1u nh\u1ea5t\" width=\"1020\" height=\"574\" src=\"https:\/\/www.youtube.com\/embed\/DT1kdpD0tIY?feature=oembed\" frameborder=\"0\" allow=\"accelerometer; autoplay; clipboard-write; encrypted-media; gyroscope; picture-in-picture\" allowfullscreen><\/iframe><\/p>\n<h3>Li\u00ean h\u1ec7 mua h\u00e0ng<\/h3>\n<div dir=\"auto\"><span class=\"pq6dq46d tbxw36s4 knj5qynh kvgmc6g5 ditlmg2l oygrvhab nvdbi5me sf5mxxl7 gl3lb2sf hhz5lgdu\"><img loading=\"lazy\" decoding=\"async\" src=\"https:\/\/static.xx.fbcdn.net\/images\/emoji.php\/v9\/t22\/1\/16\/260e.png\" alt=\"\u260e\ufe0f\" width=\"16\" height=\"16\" \/><\/span> A H\u1ea3i: 094.226.2345 (zalo) &#8211; T\u01b0 V\u1ea5n 24\/24<\/div>\n<div class=\"o9v6fnle cxmmr5t8 oygrvhab hcukyx3x c1et5uql ii04i59q\">\n<h3 dir=\"auto\"><span class=\"pq6dq46d tbxw36s4 knj5qynh kvgmc6g5 ditlmg2l oygrvhab nvdbi5me sf5mxxl7 gl3lb2sf hhz5lgdu\"><img loading=\"lazy\" decoding=\"async\" src=\"https:\/\/static.xx.fbcdn.net\/images\/emoji.php\/v9\/ta7\/1\/16\/1f3ea.png\" alt=\"\ud83c\udfea\" width=\"16\" height=\"16\" \/><\/span> H\u00e0 N\u1ed9i: s\u1ed1 42 Th\u1ecbnh Li\u1ec7t &#8211; Ho\u00e0ng Mai &#8211; H\u00e0 N\u1ed9i<\/h3>\n<h3 dir=\"auto\"><span class=\"pq6dq46d tbxw36s4 knj5qynh kvgmc6g5 ditlmg2l oygrvhab nvdbi5me sf5mxxl7 gl3lb2sf hhz5lgdu\"><img loading=\"lazy\" decoding=\"async\" src=\"https:\/\/static.xx.fbcdn.net\/images\/emoji.php\/v9\/ta7\/1\/16\/1f3ea.png\" alt=\"\ud83c\udfea\" width=\"16\" height=\"16\" \/><\/span> S\u00e0i G\u00f2n: 558\/66 B\u00ecnh Qu\u1edbi &#8211; Ph\u01b0\u1eddng 28 &#8211; B\u00ecnh Th\u1ea1nh<\/h3>\n<\/div>\n","protected":false},"excerpt":{"rendered":"<p>Camera c\u00fac \u00e1o v188 ngu\u1ef5 trang k\u00edn \u0111\u00e1o, xem t\u1eeb xa qua \u0111i\u1ec7n tho\u1ea1i v\u1edbi \u0111\u1ed9 ph\u00e2n gi\u1ea3i Full HD si\u00eau n\u00e9t. \u0110\u1ed3ng th\u1eddi dung l\u01b0\u1ee3ng pin c\u1ee7a n\u00f3 c\u1ef1c l\u1edbn gi\u00fap b\u1ea1n c\u00f3 th\u1ec3 s\u1eed d\u1ee5ng li\u00ean t\u1ee5c th\u1eddi gian d\u00e0i.<\/p>\n","protected":false},"featured_media":1561,"comment_status":"open","ping_status":"closed","template":"","meta":[],"product_cat":[30,55],"product_tag":[72,59,62,57,71,74,60,61,58,78,77,79,73],"class_list":{"0":"post-974","1":"product","2":"type-product","3":"status-publish","4":"has-post-thumbnail","6":"product_cat-thiet-bi-quay-len","7":"product_cat-thiet-bi-quay-len-online","8":"product_tag-camera-cuc-ao-s63","9":"product_tag-camera-giau-kin","10":"product_tag-camera-mini","11":"product_tag-camera-nguy-trang","12":"product_tag-camera-nguy-trang-cuc-ao","13":"product_tag-camera-nguy-trang-cuc-sac","14":"product_tag-camera-quay-len","15":"product_tag-camera-quay-trom","16":"product_tag-camera-sieu-nho","17":"product_tag-camera-sieu-nho-v100","18":"product_tag-camera-v100","19":"product_tag-camera-v100-pro","20":"product_tag-camera-v99","22":"first","23":"instock","24":"sale","25":"shipping-taxable","26":"purchasable","27":"product-type-simple"},"_links":{"self":[{"href":"https:\/\/cameraquaytrom.net\/index.php?rest_route=\/wp\/v2\/product\/974"}],"collection":[{"href":"https:\/\/cameraquaytrom.net\/index.php?rest_route=\/wp\/v2\/product"}],"about":[{"href":"https:\/\/cameraquaytrom.net\/index.php?rest_route=\/wp\/v2\/types\/product"}],"replies":[{"embeddable":true,"href":"https:\/\/cameraquaytrom.net\/index.php?rest_route=%2Fwp%2Fv2%2Fcomments&post=974"}],"wp:featuredmedia":[{"embeddable":true,"href":"https:\/\/cameraquaytrom.net\/index.php?rest_route=\/wp\/v2\/media\/1561"}],"wp:attachment":[{"href":"https:\/\/cameraquaytrom.net\/index.php?rest_route=%2Fwp%2Fv2%2Fmedia&parent=974"}],"wp:term":[{"taxonomy":"product_cat","embeddable":true,"href":"https:\/\/cameraquaytrom.net\/index.php?rest_route=%2Fwp%2Fv2%2Fproduct_cat&post=974"},{"taxonomy":"product_tag","embeddable":true,"href":"https:\/\/cameraquaytrom.net\/index.php?rest_route=%2Fwp%2Fv2%2Fproduct_tag&post=974"}],"curies":[{"name":"wp","href":"https:\/\/api.w.org\/{rel}","templated":true}]}}