{"id":979,"date":"2021-04-26T15:39:02","date_gmt":"2021-04-26T15:39:02","guid":{"rendered":"http:\/\/cameraquaytrom.net\/?post_type=product&#038;p=979"},"modified":"2021-11-10T03:36:11","modified_gmt":"2021-11-10T03:36:11","slug":"camera-sieu-nho-v99-v4-quay-dem-6-led-hong-ngoai-ip-wifi","status":"publish","type":"product","link":"https:\/\/cameraquaytrom.net\/?product=camera-sieu-nho-v99-v4-quay-dem-6-led-hong-ngoai-ip-wifi","title":{"rendered":"Camera Si\u00eau Nh\u1ecf V99-V4 Quay \u0110\u00eam 6 Led H\u1ed3ng Ngo\u1ea1i IP WiFi"},"content":{"rendered":"<h1 style=\"text-align: center;\">Camera Si\u00eau Nh\u1ecf V99-V4 Quay \u0110\u00eam<\/h1>\n<h1 style=\"text-align: center;\">6 Led H\u1ed3ng Ngo\u1ea1i IP WiFi<\/h1>\n<p><img loading=\"lazy\" decoding=\"async\" class=\"size-medium wp-image-1567 aligncenter\" src=\"https:\/\/cameraquaytrom.net\/wp-content\/uploads\/2021\/07\/z2456486206452_b00e482eae56d55129bdf6c10d57dd35-compressed-scaled-1619451267379-300x300.jpg\" alt=\"\" width=\"300\" height=\"300\" srcset=\"https:\/\/cameraquaytrom.net\/wp-content\/uploads\/2021\/07\/z2456486206452_b00e482eae56d55129bdf6c10d57dd35-compressed-scaled-1619451267379-300x300.jpg 300w, https:\/\/cameraquaytrom.net\/wp-content\/uploads\/2021\/07\/z2456486206452_b00e482eae56d55129bdf6c10d57dd35-compressed-scaled-1619451267379-1024x1024.jpg 1024w, https:\/\/cameraquaytrom.net\/wp-content\/uploads\/2021\/07\/z2456486206452_b00e482eae56d55129bdf6c10d57dd35-compressed-scaled-1619451267379-150x150.jpg 150w, https:\/\/cameraquaytrom.net\/wp-content\/uploads\/2021\/07\/z2456486206452_b00e482eae56d55129bdf6c10d57dd35-compressed-scaled-1619451267379-768x768.jpg 768w, https:\/\/cameraquaytrom.net\/wp-content\/uploads\/2021\/07\/z2456486206452_b00e482eae56d55129bdf6c10d57dd35-compressed-scaled-1619451267379-1536x1536.jpg 1536w, https:\/\/cameraquaytrom.net\/wp-content\/uploads\/2021\/07\/z2456486206452_b00e482eae56d55129bdf6c10d57dd35-compressed-scaled-1619451267379-2048x2048.jpg 2048w, https:\/\/cameraquaytrom.net\/wp-content\/uploads\/2021\/07\/z2456486206452_b00e482eae56d55129bdf6c10d57dd35-compressed-scaled-1619451267379-600x600.jpg 600w, https:\/\/cameraquaytrom.net\/wp-content\/uploads\/2021\/07\/z2456486206452_b00e482eae56d55129bdf6c10d57dd35-compressed-scaled-1619451267379-100x100.jpg 100w\" sizes=\"(max-width: 300px) 100vw, 300px\" \/><\/p>\n<p><img loading=\"lazy\" decoding=\"async\" class=\"size-medium wp-image-1566 aligncenter\" src=\"https:\/\/cameraquaytrom.net\/wp-content\/uploads\/2021\/07\/z2456486074269_ab456a7ff363e0ca38c2959debd9f38b-compressed-scaled-1619451275519-300x300.jpg\" alt=\"\" width=\"300\" height=\"300\" srcset=\"https:\/\/cameraquaytrom.net\/wp-content\/uploads\/2021\/07\/z2456486074269_ab456a7ff363e0ca38c2959debd9f38b-compressed-scaled-1619451275519-300x300.jpg 300w, https:\/\/cameraquaytrom.net\/wp-content\/uploads\/2021\/07\/z2456486074269_ab456a7ff363e0ca38c2959debd9f38b-compressed-scaled-1619451275519-1024x1024.jpg 1024w, https:\/\/cameraquaytrom.net\/wp-content\/uploads\/2021\/07\/z2456486074269_ab456a7ff363e0ca38c2959debd9f38b-compressed-scaled-1619451275519-150x150.jpg 150w, https:\/\/cameraquaytrom.net\/wp-content\/uploads\/2021\/07\/z2456486074269_ab456a7ff363e0ca38c2959debd9f38b-compressed-scaled-1619451275519-768x768.jpg 768w, https:\/\/cameraquaytrom.net\/wp-content\/uploads\/2021\/07\/z2456486074269_ab456a7ff363e0ca38c2959debd9f38b-compressed-scaled-1619451275519-1536x1536.jpg 1536w, https:\/\/cameraquaytrom.net\/wp-content\/uploads\/2021\/07\/z2456486074269_ab456a7ff363e0ca38c2959debd9f38b-compressed-scaled-1619451275519-2048x2048.jpg 2048w, https:\/\/cameraquaytrom.net\/wp-content\/uploads\/2021\/07\/z2456486074269_ab456a7ff363e0ca38c2959debd9f38b-compressed-scaled-1619451275519-600x600.jpg 600w, https:\/\/cameraquaytrom.net\/wp-content\/uploads\/2021\/07\/z2456486074269_ab456a7ff363e0ca38c2959debd9f38b-compressed-scaled-1619451275519-100x100.jpg 100w\" sizes=\"(max-width: 300px) 100vw, 300px\" \/><\/p>\n<p>C\u00e1c b\u1ea1n quan t\u00e2m c\u00e1c s\u1ea3n ph\u1ea9m li\u00ean quan \u0111\u1ebfn thi\u1ebft b\u1ecb quay l\u00e9n, camera quay l\u00e9n si\u00eau nh\u1ecf ngu\u1ef5 trang c\u00e1c lo\u1ea1i h\u00e3y li\u00ean h\u1ec7 ngay sdt hotline tr\u00ean m\u00e0n h\u00ecnh nh\u00e9 Ch\u00fang t\u00f4i chuy\u00ean cung c\u1ea5p, ph\u00e2n ph\u1ed1i t\u1ea5t \u1ea3 c\u00e1c thi\u1ebft b\u1ecb quay l\u00e9n quay tr\u1ed9m, camera si\u00eau nh\u1ecf gi\u00e1m s\u00e1t,.. tr\u00ean to\u00e0n qu\u1ed1c, gi\u00e1 c\u1ea3 c\u1ea1nh tranh<\/p>\n<h3><em><span style=\"text-decoration: underline;\">Video h\u01b0\u1edbng d\u1eabn s\u1eed d\u1ee5ng<\/span><\/em><\/h3>\n<p><iframe loading=\"lazy\" title=\"Review Camera Si\u00eau Nh\u1ecf V99-V4 || Camera ngu\u1ef5 trang si\u00eau nh\u1ecf quay \u0111\u00eam ch\u1ea5t l\u01b0\u1ee3ng h\u00ecnh \u1ea3nh si\u00eau n\u00e9t\" width=\"1020\" height=\"574\" src=\"https:\/\/www.youtube.com\/embed\/UelC5GHBtpk?feature=oembed\" frameborder=\"0\" allow=\"accelerometer; autoplay; clipboard-write; encrypted-media; gyroscope; picture-in-picture\" allowfullscreen><\/iframe><\/p>\n<h3>Li\u00ean h\u1ec7 mua h\u00e0ng<\/h3>\n<div dir=\"auto\"><span class=\"pq6dq46d tbxw36s4 knj5qynh kvgmc6g5 ditlmg2l oygrvhab nvdbi5me sf5mxxl7 gl3lb2sf hhz5lgdu\"><img loading=\"lazy\" decoding=\"async\" src=\"https:\/\/static.xx.fbcdn.net\/images\/emoji.php\/v9\/t22\/1\/16\/260e.png\" alt=\"\u260e\ufe0f\" width=\"16\" height=\"16\" \/><\/span> A H\u1ea3i: 094.226.2345 (zalo) &#8211; T\u01b0 V\u1ea5n 24\/24<\/div>\n<div class=\"o9v6fnle cxmmr5t8 oygrvhab hcukyx3x c1et5uql ii04i59q\">\n<h3 dir=\"auto\"><span class=\"pq6dq46d tbxw36s4 knj5qynh kvgmc6g5 ditlmg2l oygrvhab nvdbi5me sf5mxxl7 gl3lb2sf hhz5lgdu\"><img loading=\"lazy\" decoding=\"async\" src=\"https:\/\/static.xx.fbcdn.net\/images\/emoji.php\/v9\/ta7\/1\/16\/1f3ea.png\" alt=\"\ud83c\udfea\" width=\"16\" height=\"16\" \/><\/span> H\u00e0 N\u1ed9i: s\u1ed1 42 Th\u1ecbnh Li\u1ec7t &#8211; Ho\u00e0ng Mai &#8211; H\u00e0 N\u1ed9i<\/h3>\n<h3 dir=\"auto\"><span class=\"pq6dq46d tbxw36s4 knj5qynh kvgmc6g5 ditlmg2l oygrvhab nvdbi5me sf5mxxl7 gl3lb2sf hhz5lgdu\"><img loading=\"lazy\" decoding=\"async\" src=\"https:\/\/static.xx.fbcdn.net\/images\/emoji.php\/v9\/ta7\/1\/16\/1f3ea.png\" alt=\"\ud83c\udfea\" width=\"16\" height=\"16\" \/><\/span> S\u00e0i G\u00f2n: 558\/66 B\u00ecnh Qu\u1edbi &#8211; Ph\u01b0\u1eddng 28 &#8211; B\u00ecnh Th\u1ea1nh<\/h3>\n<\/div>\n","protected":false},"excerpt":{"rendered":"<p>Camera si\u00eau nh\u1ecf v99-v4 6 led h\u1ed3ng ngo\u1ea1i quay \u0111\u00eam \u0111\u01b0\u1ee3c c\u1ea3i ti\u1ebfn, n\u00e2ng c\u1ea5p nh\u1eb1m m\u1ee5c \u0111\u00edch gi\u00fap kh\u00e1ch h\u00e0ng c\u00f3 th\u1ec3 quay ban \u0111\u00eam r\u00f5 n\u00e9t h\u01a1n d\u00f2ng v99-v4 4led \u0111\u1eddi c\u0169<\/p>\n","protected":false},"featured_media":1567,"comment_status":"open","ping_status":"closed","template":"","meta":[],"product_cat":[30,55],"product_tag":[72,59,62,57,71,74,60,61,58,73],"class_list":{"0":"post-979","1":"product","2":"type-product","3":"status-publish","4":"has-post-thumbnail","6":"product_cat-thiet-bi-quay-len","7":"product_cat-thiet-bi-quay-len-online","8":"product_tag-camera-cuc-ao-s63","9":"product_tag-camera-giau-kin","10":"product_tag-camera-mini","11":"product_tag-camera-nguy-trang","12":"product_tag-camera-nguy-trang-cuc-ao","13":"product_tag-camera-nguy-trang-cuc-sac","14":"product_tag-camera-quay-len","15":"product_tag-camera-quay-trom","16":"product_tag-camera-sieu-nho","17":"product_tag-camera-v99","19":"first","20":"instock","21":"sale","22":"shipping-taxable","23":"purchasable","24":"product-type-simple"},"_links":{"self":[{"href":"https:\/\/cameraquaytrom.net\/index.php?rest_route=\/wp\/v2\/product\/979"}],"collection":[{"href":"https:\/\/cameraquaytrom.net\/index.php?rest_route=\/wp\/v2\/product"}],"about":[{"href":"https:\/\/cameraquaytrom.net\/index.php?rest_route=\/wp\/v2\/types\/product"}],"replies":[{"embeddable":true,"href":"https:\/\/cameraquaytrom.net\/index.php?rest_route=%2Fwp%2Fv2%2Fcomments&post=979"}],"wp:featuredmedia":[{"embeddable":true,"href":"https:\/\/cameraquaytrom.net\/index.php?rest_route=\/wp\/v2\/media\/1567"}],"wp:attachment":[{"href":"https:\/\/cameraquaytrom.net\/index.php?rest_route=%2Fwp%2Fv2%2Fmedia&parent=979"}],"wp:term":[{"taxonomy":"product_cat","embeddable":true,"href":"https:\/\/cameraquaytrom.net\/index.php?rest_route=%2Fwp%2Fv2%2Fproduct_cat&post=979"},{"taxonomy":"product_tag","embeddable":true,"href":"https:\/\/cameraquaytrom.net\/index.php?rest_route=%2Fwp%2Fv2%2Fproduct_tag&post=979"}],"curies":[{"name":"wp","href":"https:\/\/api.w.org\/{rel}","templated":true}]}}